{"id":10220,"date":"2026-03-13T15:20:02","date_gmt":"2026-03-13T15:20:02","guid":{"rendered":"https:\/\/kindernotfallzentrum-bonn.de\/?page_id=10220"},"modified":"2026-03-13T15:21:08","modified_gmt":"2026-03-13T15:21:08","slug":"anmeldung-registrierung","status":"publish","type":"page","link":"https:\/\/kindernotfallzentrum-bonn.de\/?page_id=10220","title":{"rendered":"Anmeldung\/Registrierung"},"content":{"rendered":"\t\t<div data-elementor-type=\"wp-page\" data-elementor-id=\"10220\" class=\"elementor elementor-10220\" data-elementor-post-type=\"page\">\n\t\t\t\t\t\t<section class=\"elementor-section elementor-top-section elementor-element elementor-element-68a92dd pbmit-col-stretched-none pbmit-bg-color-over-image elementor-section-boxed elementor-section-height-default elementor-section-height-default\" data-id=\"68a92dd\" data-element_type=\"section\" data-e-type=\"section\">\n\t\t\t\t\t\t<div class=\"elementor-container elementor-column-gap-default\">\n\t\t\t\t\t<div class=\"elementor-column elementor-col-100 elementor-top-column elementor-element elementor-element-07ce49b pbmit-bg-color-over-image\" data-id=\"07ce49b\" data-element_type=\"column\" data-e-type=\"column\">\n\t\t\t<div class=\"elementor-widget-wrap elementor-element-populated\">\n\t\t\t\t\t\t<div class=\"elementor-element elementor-element-fb50adc elementor-widget elementor-widget-text-editor\" data-id=\"fb50adc\" data-element_type=\"widget\" data-e-type=\"widget\" data-widget_type=\"text-editor.default\">\n\t\t\t\t<div class=\"elementor-widget-container\">\n\t\t\t\t\t\t\t\t\t<p><span style=\"color: #000000;\">Wenn Sie eigenst\u00e4ndig zu uns ins Kindernotfallzentrum kommen, werden Sie an der Pforte im Eltern-Kind-Zentrum (ELKI, Geb\u00e4ude 30) empfangen.<\/span><\/p><p><span style=\"color: #000000;\">Bei Verdacht auf eine ansteckende Infektionserkrankung werden Sie mit ihrem Kind \u00fcber einen separaten Eingang ins Kindernotfallzentrum geleitet.<\/span><\/p><p><span style=\"color: #000000;\">Im Kindernotfallzentrum erfolgt dann die Ersteinsch\u00e4tzung durch eine speziell geschulte Pflegefachkraft. Die Ersteinsch\u00e4tzung erfolgt anhand des validierten Manchester Triage System (MTS)<\/span><\/p><p><span style=\"color: #000000;\"><strong>Bitte haben Sie Verst\u00e4ndnis, dass sich die Behandlung der Patient*innen nach Dringlichkeit der Krankheit oder Verletzung richtet und nicht nach dem Erscheinen in der Notaufnahme.<\/strong><\/span><\/p><p><span style=\"color: #000000;\">Wir sind bem\u00fcht, Ihre Wartezeit so kurz wie m\u00f6glich zu gestalten. Jedoch gibt es in einem Notfallzentrum auch nicht zu beeinflussende Faktoren, die manchmal l\u00e4ngere Wartezeiten mit sich bringen:<\/span><\/p><ul><li><span style=\"color: #000000;\">Art und Schwere der Erkrankung oder Verletzungen anderer Patient*innen<\/span><\/li><li><span style=\"color: #000000;\">momentane Auslastung\/Patientenanzahl<\/span><\/li><li><span style=\"color: #000000;\">Spitzenzeiten des Patientenaufkommens<\/span><\/li><li><span style=\"color: #000000;\">Warten auf Diagnostik\/Untersuchungsergebnisse<\/span><\/li><\/ul><p><span style=\"color: #000000;\"><strong>Sollte sich der Zustand Ihres Kindes w\u00e4hrend der Wartezeit verschlechtern, bitten wir Sie sich sofort an unsere Mitarbeiter*innen des Kindernotfallzentrums zu wenden!<\/strong><\/span><\/p><p><span style=\"color: #000000;\">Bitte bringen Sie Krankenversicherungskarte und Ausweis und, falls vorhanden, auch folgende Unterlagen mit:<\/span><\/p><ul><li><span style=\"color: #000000;\">\u00dcberweisungs-\/Einweisungsschein<\/span><\/li><li><span style=\"color: #000000;\">Arztbriefe, Medikamentenliste, Vorbefunde<\/span><\/li><\/ul>\t\t\t\t\t\t\t\t<\/div>\n\t\t\t\t<\/div>\n\t\t\t\t\t<\/div>\n\t\t<\/div>\n\t\t\t\t\t<\/div>\n\t\t<\/section>\n\t\t\t\t<\/div>\n\t\t","protected":false},"excerpt":{"rendered":"<p>Wenn Sie eigenst\u00e4ndig zu uns ins Kindernotfallzentrum kommen, werden Sie an der Pforte im Eltern-Kind-Zentrum (ELKI, Geb\u00e4ude 30) empfangen. Bei Verdacht auf eine ansteckende Infektionserkrankung werden Sie mit ihrem Kind \u00fcber einen separaten Eingang ins Kindernotfallzentrum geleitet. Im Kindernotfallzentrum erfolgt dann die Ersteinsch\u00e4tzung durch eine speziell geschulte Pflegefachkraft. Die Ersteinsch\u00e4tzung erfolgt anhand des validierten Manchester [&hellip;]<\/p>\n","protected":false},"author":1,"featured_media":0,"parent":0,"menu_order":0,"comment_status":"closed","ping_status":"closed","template":"","meta":{"_acf_changed":false,"inline_featured_image":false,"_monsterinsights_skip_tracking":false,"_monsterinsights_sitenote_active":false,"_monsterinsights_sitenote_note":"","_monsterinsights_sitenote_category":0,"footnotes":""},"class_list":["post-10220","page","type-page","status-publish","hentry"],"acf":[],"aioseo_notices":[],"_links":{"self":[{"href":"https:\/\/kindernotfallzentrum-bonn.de\/index.php?rest_route=\/wp\/v2\/pages\/10220","targetHints":{"allow":["GET"]}}],"collection":[{"href":"https:\/\/kindernotfallzentrum-bonn.de\/index.php?rest_route=\/wp\/v2\/pages"}],"about":[{"href":"https:\/\/kindernotfallzentrum-bonn.de\/index.php?rest_route=\/wp\/v2\/types\/page"}],"author":[{"embeddable":true,"href":"https:\/\/kindernotfallzentrum-bonn.de\/index.php?rest_route=\/wp\/v2\/users\/1"}],"replies":[{"embeddable":true,"href":"https:\/\/kindernotfallzentrum-bonn.de\/index.php?rest_route=%2Fwp%2Fv2%2Fcomments&post=10220"}],"version-history":[{"count":4,"href":"https:\/\/kindernotfallzentrum-bonn.de\/index.php?rest_route=\/wp\/v2\/pages\/10220\/revisions"}],"predecessor-version":[{"id":10224,"href":"https:\/\/kindernotfallzentrum-bonn.de\/index.php?rest_route=\/wp\/v2\/pages\/10220\/revisions\/10224"}],"wp:attachment":[{"href":"https:\/\/kindernotfallzentrum-bonn.de\/index.php?rest_route=%2Fwp%2Fv2%2Fmedia&parent=10220"}],"curies":[{"name":"wp","href":"https:\/\/api.w.org\/{rel}","templated":true}]}}