{"id":10486,"date":"2026-03-24T13:56:23","date_gmt":"2026-03-24T13:56:23","guid":{"rendered":"https:\/\/kindernotfallzentrum-bonn.de\/?page_id=10486"},"modified":"2026-03-24T14:08:43","modified_gmt":"2026-03-24T14:08:43","slug":"informationen-fuer-aerzte-zuweiser","status":"publish","type":"page","link":"https:\/\/kindernotfallzentrum-bonn.de\/?page_id=10486","title":{"rendered":"Informationen f\u00fcr \u00c4rzte &#038; Zuweiser"},"content":{"rendered":"\t\t<div data-elementor-type=\"wp-page\" data-elementor-id=\"10486\" class=\"elementor elementor-10486\" data-elementor-post-type=\"page\">\n\t\t\t\t\t\t<section class=\"elementor-section elementor-top-section elementor-element elementor-element-face0bc pbmit-col-stretched-none pbmit-bg-color-over-image elementor-section-boxed elementor-section-height-default elementor-section-height-default\" data-id=\"face0bc\" data-element_type=\"section\" data-e-type=\"section\">\n\t\t\t\t\t\t<div class=\"elementor-container elementor-column-gap-default\">\n\t\t\t\t\t<div class=\"elementor-column elementor-col-100 elementor-top-column elementor-element elementor-element-0500737 pbmit-bg-color-over-image\" data-id=\"0500737\" data-element_type=\"column\" data-e-type=\"column\">\n\t\t\t<div class=\"elementor-widget-wrap elementor-element-populated\">\n\t\t\t\t\t\t<div class=\"elementor-element elementor-element-a2ca8cb elementor-widget elementor-widget-heading\" data-id=\"a2ca8cb\" data-element_type=\"widget\" data-e-type=\"widget\" data-widget_type=\"heading.default\">\n\t\t\t\t<div class=\"elementor-widget-container\">\n\t\t\t\t\t<h4 class=\"elementor-heading-title elementor-size-default\">Informationen f\u00fcr \u00c4rzte &amp; Zuweiser<\/h4>\t\t\t\t<\/div>\n\t\t\t\t<\/div>\n\t\t\t\t\t<\/div>\n\t\t<\/div>\n\t\t\t\t\t<\/div>\n\t\t<\/section>\n\t\t\t\t<section class=\"elementor-section elementor-top-section elementor-element elementor-element-1f82a9e pbmit-col-stretched-none pbmit-bg-color-over-image elementor-section-boxed elementor-section-height-default elementor-section-height-default\" data-id=\"1f82a9e\" data-element_type=\"section\" data-e-type=\"section\">\n\t\t\t\t\t\t<div class=\"elementor-container elementor-column-gap-default\">\n\t\t\t\t\t<div class=\"elementor-column elementor-col-100 elementor-top-column elementor-element elementor-element-eee88fd pbmit-bg-color-over-image\" data-id=\"eee88fd\" data-element_type=\"column\" data-e-type=\"column\">\n\t\t\t<div class=\"elementor-widget-wrap elementor-element-populated\">\n\t\t\t\t\t\t<div class=\"elementor-element elementor-element-60c04e8 elementor-widget elementor-widget-text-editor\" data-id=\"60c04e8\" data-element_type=\"widget\" data-e-type=\"widget\" data-widget_type=\"text-editor.default\">\n\t\t\t\t<div class=\"elementor-widget-container\">\n\t\t\t\t\t\t\t\t\t<p><span style=\"color: #000000;\">Sehr geehrte Kolleginnen und Kollegen,<\/span><\/p><p><span style=\"color: #000000;\">die gute und professionelle Kooperation zwischen niedergelassenen Kinder\u00e4rzten und dem Krankenhaus kommt unseren gemeinsamen Patienten*Innen zugute. Unser Bestreben ist es als universit\u00e4rer Maximalversorger dem Notfallpatienten*In eine exzellente Notfallversorgung zu bieten.<\/span><\/p><p><span style=\"color: #000000;\"><strong>Eine elektive Behandlung<\/strong> von Patienten im Kindernotfallzentrum ist leider nicht m\u00f6glich. Hier m\u00f6chten wir Sie herzlich darum bitten, einen ambulanten Termin \u00fcber die jeweiligen Spezialambulanzen zu vereinbaren. Die Rufnummern finden Sie auf den Internetseiten der entsprechenden Kliniken.<\/span><\/p><p><span style=\"color: #000000;\">In dringenden F\u00e4llen, die eine akute\/zeitnahe Einweisung in unser Notfallzentrum erforderlich machen, k\u00f6nnen Sie uns jederzeit \u00fcber diese Nummern erreichen:\u00a0<\/span><\/p><p><span style=\"color: #000000;\"><strong>Tel.:<\/strong> +49 228 287-37203 oder 37204<\/span><br \/><span style=\"color: #000000;\"><strong>Fax:<\/strong> +49 228 287-33375<\/span><\/p>\t\t\t\t\t\t\t\t<\/div>\n\t\t\t\t<\/div>\n\t\t\t\t\t<\/div>\n\t\t<\/div>\n\t\t\t\t\t<\/div>\n\t\t<\/section>\n\t\t\t\t<section class=\"elementor-section elementor-top-section elementor-element elementor-element-c105307 pbmit-col-stretched-none pbmit-bg-color-over-image elementor-section-boxed elementor-section-height-default elementor-section-height-default\" data-id=\"c105307\" data-element_type=\"section\" data-e-type=\"section\">\n\t\t\t\t\t\t<div class=\"elementor-container elementor-column-gap-default\">\n\t\t\t\t\t<div class=\"elementor-column elementor-col-100 elementor-top-column elementor-element elementor-element-9cd3a8c pbmit-bg-color-over-image\" data-id=\"9cd3a8c\" data-element_type=\"column\" data-e-type=\"column\">\n\t\t\t<div class=\"elementor-widget-wrap elementor-element-populated\">\n\t\t\t\t\t\t<div class=\"elementor-element elementor-element-1e001d5 elementor-widget elementor-widget-text-editor\" data-id=\"1e001d5\" data-element_type=\"widget\" data-e-type=\"widget\" data-widget_type=\"text-editor.default\">\n\t\t\t\t<div class=\"elementor-widget-container\">\n\t\t\t\t\t\t\t\t\t<div><p><span style=\"color: #000000; font-family: Rubik, sans-serif; font-size: 16px; font-weight: 400; letter-spacing: 0px;\"><span style=\"color: #000000;\"><a title=\"Zentrum f\u00fcr Kinder- und Jugendmedizin\" href=\"https:\/\/www.ukbonn.de\/kinderklinik\/zentrum-fuer-kinder-und-jugendmedizin\/\" target=\"_blank\" rel=\"noopener\"><strong data-start=\"332\" data-end=\"376\">Ambulanzen der Kinder- und Jugendmedizin<\/strong><\/a> des Universit\u00e4tsklinikums Bonn.<\/span><\/span><\/p><p><a style=\"font-family: Rubik, sans-serif; font-size: 16px; font-weight: 400; letter-spacing: 0px;\" href=\"https:\/\/www.ukbonn.de\/kinderklinik\/\" target=\"_blank\" rel=\"noopener\"><span style=\"color: #000000;\">Allgemeine P\u00e4diatrie<\/span><\/a><\/p><\/div><div><ul><li style=\"list-style-type: none;\"><ul><li><span style=\"color: #333399;\"><a style=\"color: #333399;\" href=\"https:\/\/www.ukbonn.de\/kinderklinik\/zentrum-fuer-kinder-und-jugendmedizin\/abteilungen-und-schwerpunkte\/gastroenterologie-und-hepatologie\/\" target=\"_blank\" rel=\"noopener\">Kindergastroenterologie und Kinderhepatologie<\/a><\/span><\/li><li><span style=\"color: #333399;\"><a style=\"color: #333399;\" href=\"https:\/\/www.ukbonn.de\/kinderklinik\/zentrum-fuer-kinder-und-jugendmedizin\/abteilungen-und-schwerpunkte\/paediatrische-nephrologie-und-nierentransplantation\/\" target=\"_blank\" rel=\"noopener\">P\u00e4diatrische Nephrologie und Nierentransplantation<\/a><\/span><\/li><li><span style=\"color: #333399;\"><a style=\"color: #333399;\" href=\"https:\/\/www.ukbonn.de\/kinderklinik\/zentrum-fuer-kinder-und-jugendmedizin\/abteilungen-und-schwerpunkte\/paediatrische-rheumatologie-und-immunologie\/\" target=\"_blank\" rel=\"noopener\">P\u00e4diatrische Immunologie und Rheumatologie<\/a><\/span><\/li><li><span style=\"color: #333399;\"><a style=\"color: #333399;\" href=\"https:\/\/www.ukbonn.de\/kinderklinik\/zentrum-fuer-kinder-und-jugendmedizin\/abteilungen-und-schwerpunkte\/kinder-endokrinologie-diabetologie-adipositas-stoffwechsel\/\" target=\"_blank\" rel=\"noopener\">Kinder-Endokrinologie, -Diabetologie, -Adipositas, Stoffwechsel<\/a><\/span><\/li><\/ul><\/li><li><span style=\"color: #333399;\">Kinderneurologie<\/span><\/li><li><span style=\"color: #333399;\">Kinderonkologie und -h\u00e4matologie<\/span><\/li><li><span style=\"color: #333399;\">Kinderkardiologie und Kinderherzchirurgie<\/span><\/li><li><span style=\"color: #333399;\">Neonatologie und p\u00e4diatrische Intensivmedizin<\/span><\/li><\/ul><\/div>\t\t\t\t\t\t\t\t<\/div>\n\t\t\t\t<\/div>\n\t\t\t\t<section class=\"elementor-section elementor-inner-section elementor-element elementor-element-7c2b574 pbmit-col-stretched-none pbmit-bg-color-over-image elementor-section-boxed elementor-section-height-default elementor-section-height-default\" data-id=\"7c2b574\" data-element_type=\"section\" data-e-type=\"section\">\n\t\t\t\t\t\t<div class=\"elementor-container elementor-column-gap-default\">\n\t\t\t\t\t<div class=\"elementor-column elementor-col-50 elementor-inner-column elementor-element elementor-element-3951d8d pbmit-bg-color-over-image\" data-id=\"3951d8d\" data-element_type=\"column\" data-e-type=\"column\">\n\t\t\t<div class=\"elementor-widget-wrap elementor-element-populated\">\n\t\t\t\t\t\t<div class=\"elementor-element elementor-element-ae1a705 elementor-widget__width-initial elementor-widget elementor-widget-pbmit_icon_heading\" data-id=\"ae1a705\" data-element_type=\"widget\" data-e-type=\"widget\" data-widget_type=\"pbmit_icon_heading.default\">\n\t\t\t\t<div class=\"elementor-widget-container\">\n\t\t\t\t\t<div class=\"pbmit-ihbox pbmit-ihbox-style-47\"><div class=\"pbmit-ihbox-headingicon\">\r\n\t<div class=\"pbmit-ihbox-icon\"><div class=\"pbmit-ihbox-icon-wrapper pbmit-ihbox-icon-type-icon\"><div class=\"pbmit-icon-wrapper pbmit-icon-type-icon\"><i class=\"pbmit-xcare-icon pbmit-xcare-icon-live-chat\"><\/i><\/div><\/div><\/div>\t<div class=\"pbmit-ihbox-contents\">\r\n\t\t\t\t<h4 class=\"pbmit-element-heading\">\r\n\t\t\t\t\t\r\n\t\t\t\t\t\tAmbulanzen\r\n\t\t\t\t\t\r\n\t\t\t\t\t<\/h4>\r\n\t\t\t\t\t\r\n\t\t<h2 class=\"pbmit-element-title\"><a href=\"tel:+(49) 228 28738888\"><span class=\"pbmit-button-text\">+(49) 228 28738888<\/span><span class=\"pbmit-button-icon-wrapper\"><span class=\"pbmit-button-icon\"><i class=\"pbmit-base-icon-black-arrow-1\"><\/i><\/span><\/span><\/a><\/h2>\t\t\r\n\t\t\t\t\t<\/div><!-- .pbmit-ihbox-contents -->\r\n<\/div><\/div>\t\t\t\t<\/div>\n\t\t\t\t<\/div>\n\t\t\t\t\t<\/div>\n\t\t<\/div>\n\t\t\t\t<div class=\"elementor-column elementor-col-50 elementor-inner-column elementor-element elementor-element-2b6bc79 pbmit-bg-color-yes pbmit-elementor-bg-color-white pbmit-bg-color-over-image\" data-id=\"2b6bc79\" data-element_type=\"column\" data-e-type=\"column\">\n\t\t\t<div class=\"elementor-widget-wrap elementor-element-populated\">\n\t\t\t\t\t\t<div class=\"elementor-element elementor-element-2d2d015 elementor-widget__width-initial elementor-widget elementor-widget-pbmit_icon_heading\" data-id=\"2d2d015\" data-element_type=\"widget\" data-e-type=\"widget\" data-widget_type=\"pbmit_icon_heading.default\">\n\t\t\t\t<div class=\"elementor-widget-container\">\n\t\t\t\t\t<div class=\"pbmit-ihbox pbmit-ihbox-style-8\"><div class=\"pbmit-ihbox-headingicon\">\r\n\t\t<div class=\"pbmit-content-wrapper\">\r\n\t\t\t\t<h2 class=\"pbmit-element-title\">Ambulanzen der Kinder- und Jugendmedizin<\/h2>\t\t\t\t\t\t<div class=\"pbmit-ihbox-btn\"><a title=\"Online-Terminvergabe\" href=\"https:\/\/www.ukbonn.de\/kinderklinik\/fuer-patient-innen-ambulanzen\/online-terminvergabe\/\" target=\"_blank\"><span class=\"pbmit-button-text\">Online-Terminvergabe<\/span><span class=\"pbmit-button-icon-wrapper\"><span class=\"pbmit-button-icon\"><i class=\"pbmit-base-icon-black-arrow-1\"><\/i><\/span><\/span><\/a><\/div>\t<\/div>\r\n<\/div><\/div>\t\t\t\t<\/div>\n\t\t\t\t<\/div>\n\t\t\t\t\t<\/div>\n\t\t<\/div>\n\t\t\t\t\t<\/div>\n\t\t<\/section>\n\t\t\t\t\t<\/div>\n\t\t<\/div>\n\t\t\t\t\t<\/div>\n\t\t<\/section>\n\t\t\t\t<\/div>\n\t\t","protected":false},"excerpt":{"rendered":"<p>Informationen f\u00fcr \u00c4rzte &amp; Zuweiser Sehr geehrte Kolleginnen und Kollegen, die gute und professionelle Kooperation zwischen niedergelassenen Kinder\u00e4rzten und dem Krankenhaus kommt unseren gemeinsamen Patienten*Innen zugute. Unser Bestreben ist es als universit\u00e4rer Maximalversorger dem Notfallpatienten*In eine exzellente Notfallversorgung zu bieten. Eine elektive Behandlung von Patienten im Kindernotfallzentrum ist leider nicht m\u00f6glich. Hier m\u00f6chten wir Sie [&hellip;]<\/p>\n","protected":false},"author":1,"featured_media":0,"parent":0,"menu_order":0,"comment_status":"closed","ping_status":"closed","template":"","meta":{"_acf_changed":false,"inline_featured_image":false,"_monsterinsights_skip_tracking":false,"_monsterinsights_sitenote_active":false,"_monsterinsights_sitenote_note":"","_monsterinsights_sitenote_category":0,"footnotes":""},"class_list":["post-10486","page","type-page","status-publish","hentry"],"acf":[],"aioseo_notices":[],"_links":{"self":[{"href":"https:\/\/kindernotfallzentrum-bonn.de\/index.php?rest_route=\/wp\/v2\/pages\/10486","targetHints":{"allow":["GET"]}}],"collection":[{"href":"https:\/\/kindernotfallzentrum-bonn.de\/index.php?rest_route=\/wp\/v2\/pages"}],"about":[{"href":"https:\/\/kindernotfallzentrum-bonn.de\/index.php?rest_route=\/wp\/v2\/types\/page"}],"author":[{"embeddable":true,"href":"https:\/\/kindernotfallzentrum-bonn.de\/index.php?rest_route=\/wp\/v2\/users\/1"}],"replies":[{"embeddable":true,"href":"https:\/\/kindernotfallzentrum-bonn.de\/index.php?rest_route=%2Fwp%2Fv2%2Fcomments&post=10486"}],"version-history":[{"count":7,"href":"https:\/\/kindernotfallzentrum-bonn.de\/index.php?rest_route=\/wp\/v2\/pages\/10486\/revisions"}],"predecessor-version":[{"id":10497,"href":"https:\/\/kindernotfallzentrum-bonn.de\/index.php?rest_route=\/wp\/v2\/pages\/10486\/revisions\/10497"}],"wp:attachment":[{"href":"https:\/\/kindernotfallzentrum-bonn.de\/index.php?rest_route=%2Fwp%2Fv2%2Fmedia&parent=10486"}],"curies":[{"name":"wp","href":"https:\/\/api.w.org\/{rel}","templated":true}]}}