{"id":595,"date":"2021-08-04T04:45:51","date_gmt":"2021-08-04T04:45:51","guid":{"rendered":"https:\/\/wordpress.vecurosoft.com\/medilax\/?page_id=595"},"modified":"2026-03-23T14:30:44","modified_gmt":"2026-03-23T14:30:44","slug":"wartezeit","status":"publish","type":"page","link":"https:\/\/kindernotfallzentrum-bonn.de\/?page_id=595","title":{"rendered":"Wartezeit"},"content":{"rendered":"\t\t<div data-elementor-type=\"wp-page\" data-elementor-id=\"595\" class=\"elementor elementor-595\" data-elementor-post-type=\"page\">\n\t\t\t\t\t\t<section class=\"elementor-section elementor-top-section elementor-element elementor-element-4696b68 pbmit-col-stretched-none pbmit-bg-color-over-image elementor-section-boxed elementor-section-height-default elementor-section-height-default\" data-id=\"4696b68\" data-element_type=\"section\" data-e-type=\"section\">\n\t\t\t\t\t\t<div class=\"elementor-container elementor-column-gap-default\">\n\t\t\t\t\t<div class=\"elementor-column elementor-col-100 elementor-top-column elementor-element elementor-element-30fb204 pbmit-bg-color-over-image\" data-id=\"30fb204\" data-element_type=\"column\" data-e-type=\"column\">\n\t\t\t<div class=\"elementor-widget-wrap elementor-element-populated\">\n\t\t\t\t\t\t<div class=\"elementor-element elementor-element-c6c965e elementor-widget elementor-widget-heading\" data-id=\"c6c965e\" data-element_type=\"widget\" data-e-type=\"widget\" data-widget_type=\"heading.default\">\n\t\t\t\t<div class=\"elementor-widget-container\">\n\t\t\t\t\t<h4 class=\"elementor-heading-title elementor-size-default\">Wartezeiten im Kindernotfallzentrum<\/h4>\t\t\t\t<\/div>\n\t\t\t\t<\/div>\n\t\t\t\t<div class=\"elementor-element elementor-element-f2b6469 elementor-widget elementor-widget-spacer\" data-id=\"f2b6469\" data-element_type=\"widget\" data-e-type=\"widget\" data-widget_type=\"spacer.default\">\n\t\t\t\t<div class=\"elementor-widget-container\">\n\t\t\t\t\t\t\t<div class=\"elementor-spacer\">\n\t\t\t<div class=\"elementor-spacer-inner\"><\/div>\n\t\t<\/div>\n\t\t\t\t\t\t<\/div>\n\t\t\t\t<\/div>\n\t\t\t\t<div class=\"elementor-element elementor-element-75bbe9c elementor-widget elementor-widget-text-editor\" data-id=\"75bbe9c\" data-element_type=\"widget\" data-e-type=\"widget\" data-widget_type=\"text-editor.default\">\n\t\t\t\t<div class=\"elementor-widget-container\">\n\t\t\t\t\t\t\t\t\t<h6 data-start=\"414\" data-end=\"454\">Warum kann es zu Wartezeiten kommen?<\/h6><p data-start=\"456\" data-end=\"773\"><span style=\"color: #000000;\">Im Kindernotfallzentrum werden Kinder und Jugendliche <strong data-start=\"510\" data-end=\"556\">nicht in der Reihenfolge ihres Eintreffens<\/strong>, sondern <strong data-start=\"566\" data-end=\"625\">nach der Dringlichkeit ihrer Erkrankung oder Verletzung<\/strong> behandelt.<\/span><br data-start=\"636\" data-end=\"639\" \/><span style=\"color: #000000;\">Daf\u00fcr verwenden wir das <strong data-start=\"663\" data-end=\"697\">Manchester-Triage-System (MTS)<\/strong>, ein standardisiertes Verfahren zur Ersteinsch\u00e4tzung in der Notfallmedizin.<\/span><\/p><p data-start=\"775\" data-end=\"1007\"><span style=\"color: #000000;\">Das bedeutet:<\/span><br data-start=\"788\" data-end=\"791\" \/><span style=\"color: #000000;\">Kinder mit <strong data-start=\"802\" data-end=\"858\">lebensbedrohlichen oder sehr dringlichen Beschwerden<\/strong> werden sofort oder zumindest schnell versorgt.<\/span><br data-start=\"905\" data-end=\"908\" \/><span style=\"color: #000000;\">Bei <strong data-start=\"912\" data-end=\"947\">weniger dringlichen Beschwerden<\/strong> kann es daher trotz fr\u00fcherer Anmeldung zu Wartezeiten kommen.<\/span><\/p><p data-start=\"1009\" data-end=\"1087\"><span style=\"color: #000000;\">Diese Priorisierung dient der <strong data-start=\"1039\" data-end=\"1086\">Sicherheit aller Patientinnen und Patienten<\/strong>.<\/span><\/p>\t\t\t\t\t\t\t\t<\/div>\n\t\t\t\t<\/div>\n\t\t\t\t\t<\/div>\n\t\t<\/div>\n\t\t\t\t\t<\/div>\n\t\t<\/section>\n\t\t\t\t<section class=\"elementor-section elementor-top-section elementor-element elementor-element-d259061 pbmit-col-stretched-none pbmit-bg-color-over-image elementor-section-boxed elementor-section-height-default elementor-section-height-default\" data-id=\"d259061\" data-element_type=\"section\" data-e-type=\"section\">\n\t\t\t\t\t\t<div class=\"elementor-container elementor-column-gap-default\">\n\t\t\t\t\t<div class=\"elementor-column elementor-col-50 elementor-top-column elementor-element elementor-element-4da62c0 pbmit-bg-color-over-image\" data-id=\"4da62c0\" data-element_type=\"column\" data-e-type=\"column\">\n\t\t\t<div class=\"elementor-widget-wrap elementor-element-populated\">\n\t\t\t\t\t\t<div class=\"elementor-element elementor-element-09531fa elementor-widget elementor-widget-text-editor\" data-id=\"09531fa\" data-element_type=\"widget\" data-e-type=\"widget\" data-widget_type=\"text-editor.default\">\n\t\t\t\t<div class=\"elementor-widget-container\">\n\t\t\t\t\t\t\t\t\t<h5>Wie funktioniert das Manchester-Triage-System?<\/h5><hr \/><p><span style=\"color: #000000;\">Nach der Administrativen Anmeldung erfolgt eine pflegerische Ersteinsch\u00e4tzung durch eine speziell geschulte Pflegefachpersonen, die die Behandlungsdringlichkeit und die jeweilige Behandlungsstufe feststellt.<\/span><\/p><p><span style=\"color: #000000;\">In dieser Phase werden bei <strong>dringlichen Notf\u00e4llen<\/strong> ggf. <strong>die ersten Ma\u00dfnahmen<\/strong> ergriffen.<\/span><\/p>\t\t\t\t\t\t\t\t<\/div>\n\t\t\t\t<\/div>\n\t\t\t\t\t<\/div>\n\t\t<\/div>\n\t\t\t\t<div class=\"elementor-column elementor-col-50 elementor-top-column elementor-element elementor-element-4a52a45 pbmit-bg-color-over-image\" data-id=\"4a52a45\" data-element_type=\"column\" data-e-type=\"column\">\n\t\t\t<div class=\"elementor-widget-wrap elementor-element-populated\">\n\t\t\t\t\t\t<div class=\"elementor-element elementor-element-3cb7eb9 pbmit-animation-none elementor-widget elementor-widget-image\" data-id=\"3cb7eb9\" data-element_type=\"widget\" data-e-type=\"widget\" data-widget_type=\"image.default\">\n\t\t\t\t<div class=\"elementor-widget-container\">\n\t\t\t\t\t\t\t\t\t\t\t\t\t\t\t<img fetchpriority=\"high\" decoding=\"async\" width=\"847\" height=\"476\" src=\"https:\/\/kindernotfallzentrum-bonn.de\/wp-content\/uploads\/2024\/03\/20250223_122454-scaled-1-1024x576.jpg\" class=\"attachment-large size-large wp-image-8099\" alt=\"\" srcset=\"https:\/\/kindernotfallzentrum-bonn.de\/wp-content\/uploads\/2024\/03\/20250223_122454-scaled-1-1024x576.jpg 1024w, https:\/\/kindernotfallzentrum-bonn.de\/wp-content\/uploads\/2024\/03\/20250223_122454-scaled-1-600x338.jpg 600w, https:\/\/kindernotfallzentrum-bonn.de\/wp-content\/uploads\/2024\/03\/20250223_122454-scaled-1-300x169.jpg 300w, https:\/\/kindernotfallzentrum-bonn.de\/wp-content\/uploads\/2024\/03\/20250223_122454-scaled-1-768x432.jpg 768w, https:\/\/kindernotfallzentrum-bonn.de\/wp-content\/uploads\/2024\/03\/20250223_122454-scaled-1-1536x864.jpg 1536w, https:\/\/kindernotfallzentrum-bonn.de\/wp-content\/uploads\/2024\/03\/20250223_122454-scaled-1-2048x1152.jpg 2048w\" sizes=\"(max-width: 847px) 100vw, 847px\" \/>\t\t\t\t\t\t\t\t\t\t\t\t\t\t\t<\/div>\n\t\t\t\t<\/div>\n\t\t\t\t\t<\/div>\n\t\t<\/div>\n\t\t\t\t\t<\/div>\n\t\t<\/section>\n\t\t\t\t<section class=\"elementor-section elementor-top-section elementor-element elementor-element-85e0562 pbmit-col-stretched-none pbmit-bg-color-over-image elementor-section-boxed elementor-section-height-default elementor-section-height-default\" data-id=\"85e0562\" data-element_type=\"section\" data-e-type=\"section\">\n\t\t\t\t\t\t<div class=\"elementor-container elementor-column-gap-default\">\n\t\t\t\t\t<div class=\"elementor-column elementor-col-100 elementor-top-column elementor-element elementor-element-b747ea3 pbmit-bg-color-over-image\" data-id=\"b747ea3\" data-element_type=\"column\" data-e-type=\"column\">\n\t\t\t<div class=\"elementor-widget-wrap elementor-element-populated\">\n\t\t\t\t\t\t<div class=\"elementor-element elementor-element-c60aba2 elementor-widget elementor-widget-heading\" data-id=\"c60aba2\" data-element_type=\"widget\" data-e-type=\"widget\" data-widget_type=\"heading.default\">\n\t\t\t\t<div class=\"elementor-widget-container\">\n\t\t\t\t\t<h4 class=\"elementor-heading-title elementor-size-default\">Manchester-Triage-System<\/h4>\t\t\t\t<\/div>\n\t\t\t\t<\/div>\n\t\t\t\t\t<\/div>\n\t\t<\/div>\n\t\t\t\t\t<\/div>\n\t\t<\/section>\n\t\t\t\t<section class=\"elementor-section elementor-top-section elementor-element elementor-element-c76f302 pbmit-col-stretched-none pbmit-bg-color-over-image elementor-section-boxed elementor-section-height-default elementor-section-height-default\" data-id=\"c76f302\" data-element_type=\"section\" data-e-type=\"section\">\n\t\t\t\t\t\t<div class=\"elementor-container elementor-column-gap-default\">\n\t\t\t\t\t<div class=\"elementor-column elementor-col-100 elementor-top-column elementor-element elementor-element-182dd93 pbmit-bg-color-over-image\" data-id=\"182dd93\" data-element_type=\"column\" data-e-type=\"column\">\n\t\t\t<div class=\"elementor-widget-wrap elementor-element-populated\">\n\t\t\t\t\t\t<div class=\"elementor-element elementor-element-26c671f elementor-widget elementor-widget-accordion\" data-id=\"26c671f\" data-element_type=\"widget\" data-e-type=\"widget\" data-widget_type=\"accordion.default\">\n\t\t\t\t<div class=\"elementor-widget-container\">\n\t\t\t\t\t\t\t<div class=\"elementor-accordion\">\n\t\t\t\t\t\t\t<div class=\"elementor-accordion-item\">\n\t\t\t\t\t<div id=\"elementor-tab-title-4061\" class=\"elementor-tab-title\" data-tab=\"1\" role=\"button\" aria-controls=\"elementor-tab-content-4061\" aria-expanded=\"false\">\n\t\t\t\t\t\t\t\t\t\t\t\t<a class=\"elementor-accordion-title\" tabindex=\"0\">Rot - Sofort<\/a>\n\t\t\t\t\t<\/div>\n\t\t\t\t\t<div id=\"elementor-tab-content-4061\" class=\"elementor-tab-content elementor-clearfix\" data-tab=\"1\" role=\"region\" aria-labelledby=\"elementor-tab-title-4061\"><p><span style=\"color: #000000;\"><span style=\"color: #800000;\"><strong>Bedeutung:<\/strong> <\/span><strong>Absoluter Notfall &#8211;<\/strong> Sofortige Behandlung erforderlich, akute Lebensgefahr m\u00f6glich.<\/span><\/p><p><span style=\"color: #800000;\"><strong>Empfohlene maximale Wartezeit: <span style=\"color: #000000;\">0 Minuten<\/span><\/strong><\/span><\/p><\/div>\n\t\t\t\t<\/div>\n\t\t\t\t\t\t\t\t<\/div>\n\t\t\t\t\t\t<\/div>\n\t\t\t\t<\/div>\n\t\t\t\t<div class=\"elementor-element elementor-element-b5dcfce elementor-widget elementor-widget-accordion\" data-id=\"b5dcfce\" data-element_type=\"widget\" data-e-type=\"widget\" data-widget_type=\"accordion.default\">\n\t\t\t\t<div class=\"elementor-widget-container\">\n\t\t\t\t\t\t\t<div class=\"elementor-accordion\">\n\t\t\t\t\t\t\t<div class=\"elementor-accordion-item\">\n\t\t\t\t\t<div id=\"elementor-tab-title-1901\" class=\"elementor-tab-title\" data-tab=\"1\" role=\"button\" aria-controls=\"elementor-tab-content-1901\" aria-expanded=\"false\">\n\t\t\t\t\t\t\t\t\t\t\t\t<a class=\"elementor-accordion-title\" tabindex=\"0\">Orange - Sehr dringend<\/a>\n\t\t\t\t\t<\/div>\n\t\t\t\t\t<div id=\"elementor-tab-content-1901\" class=\"elementor-tab-content elementor-clearfix\" data-tab=\"1\" role=\"region\" aria-labelledby=\"elementor-tab-title-1901\"><p><span style=\"color: #000000;\"><span style=\"color: #800000;\"><strong>Bedeutung:<\/strong> <span style=\"color: #000000;\"><strong>Notfall &#8211;<\/strong> Sehr schnelle \u00e4rztliche Beurteilung notwendig<\/span><\/span><\/span><\/p><p><span style=\"color: #800000;\"><strong>Empfohlene maximale Wartezeit: <span style=\"color: #000000;\">bis 10 Minuten<\/span><\/strong><\/span><\/p><\/div>\n\t\t\t\t<\/div>\n\t\t\t\t\t\t\t\t<\/div>\n\t\t\t\t\t\t<\/div>\n\t\t\t\t<\/div>\n\t\t\t\t<div class=\"elementor-element elementor-element-ef06ac7 elementor-widget elementor-widget-accordion\" data-id=\"ef06ac7\" data-element_type=\"widget\" data-e-type=\"widget\" data-widget_type=\"accordion.default\">\n\t\t\t\t<div class=\"elementor-widget-container\">\n\t\t\t\t\t\t\t<div class=\"elementor-accordion\">\n\t\t\t\t\t\t\t<div class=\"elementor-accordion-item\">\n\t\t\t\t\t<div id=\"elementor-tab-title-2501\" class=\"elementor-tab-title\" data-tab=\"1\" role=\"button\" aria-controls=\"elementor-tab-content-2501\" aria-expanded=\"false\">\n\t\t\t\t\t\t\t\t\t\t\t\t<a class=\"elementor-accordion-title\" tabindex=\"0\">Gelb - Dringend<\/a>\n\t\t\t\t\t<\/div>\n\t\t\t\t\t<div id=\"elementor-tab-content-2501\" class=\"elementor-tab-content elementor-clearfix\" data-tab=\"1\" role=\"region\" aria-labelledby=\"elementor-tab-title-2501\"><p><span style=\"color: #000000;\"><span style=\"color: #800000;\"><strong>Bedeutung:<\/strong> <span style=\"color: #000000;\"><strong>M\u00e4\u00dfiger Notfall &#8211;<\/strong>\u00a0Sehr schnelle \u00e4rztliche Beurteilung notwendig<\/span><\/span><\/span><\/p><p><span style=\"color: #800000;\"><strong>Empfohlene maximale Wartezeit: <span style=\"color: #000000;\">bis 30 Minuten<\/span><\/strong><\/span><\/p><\/div>\n\t\t\t\t<\/div>\n\t\t\t\t\t\t\t\t<\/div>\n\t\t\t\t\t\t<\/div>\n\t\t\t\t<\/div>\n\t\t\t\t<div class=\"elementor-element elementor-element-8d0a1af elementor-widget elementor-widget-accordion\" data-id=\"8d0a1af\" data-element_type=\"widget\" data-e-type=\"widget\" data-widget_type=\"accordion.default\">\n\t\t\t\t<div class=\"elementor-widget-container\">\n\t\t\t\t\t\t\t<div class=\"elementor-accordion\">\n\t\t\t\t\t\t\t<div class=\"elementor-accordion-item\">\n\t\t\t\t\t<div id=\"elementor-tab-title-1471\" class=\"elementor-tab-title\" data-tab=\"1\" role=\"button\" aria-controls=\"elementor-tab-content-1471\" aria-expanded=\"false\">\n\t\t\t\t\t\t\t\t\t\t\t\t<a class=\"elementor-accordion-title\" tabindex=\"0\">Gr\u00fcn - Normal<\/a>\n\t\t\t\t\t<\/div>\n\t\t\t\t\t<div id=\"elementor-tab-content-1471\" class=\"elementor-tab-content elementor-clearfix\" data-tab=\"1\" role=\"region\" aria-labelledby=\"elementor-tab-title-1471\"><p><span style=\"color: #000000;\"><span style=\"color: #800000;\"><strong>Bedeutung:<\/strong> <span style=\"color: #000000;\"><strong>Normale Dringlichkeit &#8211; <\/strong>Behandlung erforderlich, aber nicht akut lebensbedrohlich<\/span><\/span><\/span><\/p><p><span style=\"color: #800000;\"><strong>Empfohlene maximale Wartezeit: <span style=\"color: #000000;\">bis 90 Minuten<\/span><\/strong><\/span><\/p><\/div>\n\t\t\t\t<\/div>\n\t\t\t\t\t\t\t\t<\/div>\n\t\t\t\t\t\t<\/div>\n\t\t\t\t<\/div>\n\t\t\t\t<div class=\"elementor-element elementor-element-293078c elementor-widget elementor-widget-accordion\" data-id=\"293078c\" data-element_type=\"widget\" data-e-type=\"widget\" data-widget_type=\"accordion.default\">\n\t\t\t\t<div class=\"elementor-widget-container\">\n\t\t\t\t\t\t\t<div class=\"elementor-accordion\">\n\t\t\t\t\t\t\t<div class=\"elementor-accordion-item\">\n\t\t\t\t\t<div id=\"elementor-tab-title-4311\" class=\"elementor-tab-title\" data-tab=\"1\" role=\"button\" aria-controls=\"elementor-tab-content-4311\" aria-expanded=\"false\">\n\t\t\t\t\t\t\t\t\t\t\t\t<a class=\"elementor-accordion-title\" tabindex=\"0\">Blau - Nicht dringend<\/a>\n\t\t\t\t\t<\/div>\n\t\t\t\t\t<div id=\"elementor-tab-content-4311\" class=\"elementor-tab-content elementor-clearfix\" data-tab=\"1\" role=\"region\" aria-labelledby=\"elementor-tab-title-4311\"><p><span style=\"color: #000000;\"><span style=\"color: #800000;\"><strong>Bedeutung: <\/strong><\/span><\/span><span style=\"color: #000000;\"><strong>Nicht dringend &#8211; <\/strong>Leichte Beschwerden, Behandlung kann warten.<\/span><\/p><p><span style=\"color: #800000;\"><strong>Empfohlene maximale Wartezeit: <span style=\"color: #000000;\">bis 120 Minuten<\/span><\/strong><\/span><\/p><\/div>\n\t\t\t\t<\/div>\n\t\t\t\t\t\t\t\t<\/div>\n\t\t\t\t\t\t<\/div>\n\t\t\t\t<\/div>\n\t\t\t\t\t<\/div>\n\t\t<\/div>\n\t\t\t\t\t<\/div>\n\t\t<\/section>\n\t\t\t\t<section class=\"elementor-section elementor-top-section elementor-element elementor-element-7d0056a pbmit-col-stretched-none pbmit-bg-color-over-image elementor-section-boxed elementor-section-height-default elementor-section-height-default\" data-id=\"7d0056a\" data-element_type=\"section\" data-e-type=\"section\">\n\t\t\t\t\t\t<div class=\"elementor-container elementor-column-gap-default\">\n\t\t\t\t\t<div class=\"elementor-column elementor-col-100 elementor-top-column elementor-element elementor-element-9a997bf pbmit-bg-color-over-image\" data-id=\"9a997bf\" data-element_type=\"column\" data-e-type=\"column\">\n\t\t\t<div class=\"elementor-widget-wrap elementor-element-populated\">\n\t\t\t\t\t\t<div class=\"elementor-element elementor-element-2f9d5f9 elementor-widget elementor-widget-text-editor\" data-id=\"2f9d5f9\" data-element_type=\"widget\" data-e-type=\"widget\" data-widget_type=\"text-editor.default\">\n\t\t\t\t<div class=\"elementor-widget-container\">\n\t\t\t\t\t\t\t\t\t<h5 data-start=\"1940\" data-end=\"1968\">Was bedeutet das f\u00fcr Sie?<\/h5><p data-start=\"1970\" data-end=\"2196\"><span style=\"color: #000000;\">Die Wartezeit im Kindernotfallzentrum richtet sich nach der <strong data-start=\"2030\" data-end=\"2061\">medizinischen Dringlichkeit<\/strong> und nicht nach der Reihenfolge des Eintreffens.<\/span><br data-start=\"2109\" data-end=\"2112\" \/><span style=\"color: #000000;\">Deshalb kann es vorkommen, dass sp\u00e4ter eingetroffene Kinder fr\u00fcher behandelt werden.<\/span><\/p><p data-start=\"2198\" data-end=\"2417\"><span style=\"color: #000000;\">Wenn Ihr Kind nach der Ersteinsch\u00e4tzung als <strong data-start=\"2242\" data-end=\"2262\">weniger dringend<\/strong> eingestuft wird, kann die Wartezeit entsprechend l\u00e4nger sein. Bitte haben Sie Verst\u00e4ndnis, dass wir schwer erkrankte Kinder immer zuerst versorgen m\u00fcssen.<\/span><\/p><p data-start=\"2419\" data-end=\"2577\"><span style=\"color: #000000;\">Die genannten Zeiten sind <strong data-start=\"2445\" data-end=\"2467\">Orientierungswerte<\/strong>. Je nach Patientenaufkommen und Schwere der gleichzeitig behandelten Notf\u00e4lle kann es zu Abweichungen kommen.<\/span><\/p>\t\t\t\t\t\t\t\t<\/div>\n\t\t\t\t<\/div>\n\t\t\t\t<div class=\"elementor-element elementor-element-e0002d4 elementor-widget elementor-widget-text-editor\" data-id=\"e0002d4\" data-element_type=\"widget\" data-e-type=\"widget\" data-widget_type=\"text-editor.default\">\n\t\t\t\t<div class=\"elementor-widget-container\">\n\t\t\t\t\t\t\t\t\t<h5 data-start=\"2584\" data-end=\"2626\">Wichtig f\u00fcr Eltern und Sorgeberechtigte<\/h5><p data-start=\"2628\" data-end=\"2759\"><span style=\"color: #000000;\"><strong><span style=\"color: #ff0000;\">Bitte informieren Sie unser Team sofort,<\/span><\/strong> <span style=\"color: #ff0000;\"><strong>wenn sich der Zustand Ihres Kindes w\u00e4hrend der Wartezeit verschlechtert<\/strong><\/span>, zum Beispiel bei:<\/span><\/p><ul data-start=\"2761\" data-end=\"2962\"><li data-start=\"2761\" data-end=\"2784\"><p data-start=\"2763\" data-end=\"2784\"><span style=\"color: #000000;\">zunehmender Atemnot<\/span><\/p><\/li><li data-start=\"2785\" data-end=\"2803\"><p data-start=\"2787\" data-end=\"2803\"><span style=\"color: #000000;\">Krampfanf\u00e4llen<\/span><\/p><\/li><li data-start=\"2804\" data-end=\"2834\"><p data-start=\"2806\" data-end=\"2834\"><span style=\"color: #000000;\">starker Schmerzverst\u00e4rkung<\/span><\/p><\/li><li data-start=\"2835\" data-end=\"2893\"><p data-start=\"2837\" data-end=\"2893\"><span style=\"color: #000000;\">auff\u00e4lliger Schl\u00e4frigkeit oder Bewusstseinsver\u00e4nderung<\/span><\/p><\/li><li data-start=\"2894\" data-end=\"2962\"><p data-start=\"2896\" data-end=\"2962\"><span style=\"color: #000000;\">neu auftretendem hohem Fieber bei sehr schlechtem Allgemeinzustand<\/span><\/p><\/li><\/ul><p data-start=\"2964\" data-end=\"3020\"><span style=\"color: #000000;\">In solchen F\u00e4llen erfolgt eine <strong data-start=\"2995\" data-end=\"3019\">erneute Einsch\u00e4tzung<\/strong>.<\/span><\/p>\t\t\t\t\t\t\t\t<\/div>\n\t\t\t\t<\/div>\n\t\t\t\t<div class=\"elementor-element elementor-element-8ed246a elementor-widget elementor-widget-text-editor\" data-id=\"8ed246a\" data-element_type=\"widget\" data-e-type=\"widget\" data-widget_type=\"text-editor.default\">\n\t\t\t\t<div class=\"elementor-widget-container\">\n\t\t\t\t\t\t\t\t\t<h5 data-start=\"3027\" data-end=\"3070\">Hinweis zu nicht dringlichen Beschwerden<\/h5><p data-start=\"3072\" data-end=\"3333\"><span style=\"color: #000000;\">Bei <strong data-start=\"3076\" data-end=\"3104\">nicht akuten Beschwerden<\/strong> ist h\u00e4ufig zun\u00e4chst die Vorstellung bei Ihrer <span style=\"color: #ff0000;\"><strong data-start=\"3151\" data-end=\"3189\">Kinder\u00e4rztin bzw. Ihrem Kinderarzt<\/strong> <\/span>sinnvoll.<\/span><br data-start=\"3254\" data-end=\"3257\" \/><span style=\"color: #000000;\">Dies kann helfen, unn\u00f6tige Wartezeiten im Kindernotfallzentrum zu vermeiden.<\/span><\/p>\t\t\t\t\t\t\t\t<\/div>\n\t\t\t\t<\/div>\n\t\t\t\t\t<\/div>\n\t\t<\/div>\n\t\t\t\t\t<\/div>\n\t\t<\/section>\n\t\t\t\t<\/div>\n\t\t","protected":false},"excerpt":{"rendered":"<p>Wartezeiten im Kindernotfallzentrum Warum kann es zu Wartezeiten kommen? Im Kindernotfallzentrum werden Kinder und Jugendliche nicht in der Reihenfolge ihres Eintreffens, sondern nach der Dringlichkeit ihrer Erkrankung oder Verletzung behandelt.Daf\u00fcr verwenden wir das Manchester-Triage-System (MTS), ein standardisiertes Verfahren zur Ersteinsch\u00e4tzung in der Notfallmedizin. Das bedeutet:Kinder mit lebensbedrohlichen oder sehr dringlichen Beschwerden werden sofort oder zumindest [&hellip;]<\/p>\n","protected":false},"author":1,"featured_media":0,"parent":0,"menu_order":0,"comment_status":"closed","ping_status":"closed","template":"","meta":{"_acf_changed":false,"inline_featured_image":false,"_monsterinsights_skip_tracking":false,"_monsterinsights_sitenote_active":false,"_monsterinsights_sitenote_note":"","_monsterinsights_sitenote_category":0,"footnotes":""},"class_list":["post-595","page","type-page","status-publish","hentry"],"acf":[],"aioseo_notices":[],"_links":{"self":[{"href":"https:\/\/kindernotfallzentrum-bonn.de\/index.php?rest_route=\/wp\/v2\/pages\/595","targetHints":{"allow":["GET"]}}],"collection":[{"href":"https:\/\/kindernotfallzentrum-bonn.de\/index.php?rest_route=\/wp\/v2\/pages"}],"about":[{"href":"https:\/\/kindernotfallzentrum-bonn.de\/index.php?rest_route=\/wp\/v2\/types\/page"}],"author":[{"embeddable":true,"href":"https:\/\/kindernotfallzentrum-bonn.de\/index.php?rest_route=\/wp\/v2\/users\/1"}],"replies":[{"embeddable":true,"href":"https:\/\/kindernotfallzentrum-bonn.de\/index.php?rest_route=%2Fwp%2Fv2%2Fcomments&post=595"}],"version-history":[{"count":66,"href":"https:\/\/kindernotfallzentrum-bonn.de\/index.php?rest_route=\/wp\/v2\/pages\/595\/revisions"}],"predecessor-version":[{"id":10434,"href":"https:\/\/kindernotfallzentrum-bonn.de\/index.php?rest_route=\/wp\/v2\/pages\/595\/revisions\/10434"}],"wp:attachment":[{"href":"https:\/\/kindernotfallzentrum-bonn.de\/index.php?rest_route=%2Fwp%2Fv2%2Fmedia&parent=595"}],"curies":[{"name":"wp","href":"https:\/\/api.w.org\/{rel}","templated":true}]}}