{"id":8226,"date":"2025-03-07T12:35:16","date_gmt":"2025-03-07T12:35:16","guid":{"rendered":"http:\/\/kindernotfallmedizin-bonn.de\/?page_id=8226"},"modified":"2026-03-13T14:34:04","modified_gmt":"2026-03-13T14:34:04","slug":"team-2","status":"publish","type":"page","link":"https:\/\/kindernotfallzentrum-bonn.de\/?page_id=8226","title":{"rendered":"Team"},"content":{"rendered":"\t\t<div data-elementor-type=\"wp-page\" data-elementor-id=\"8226\" class=\"elementor elementor-8226\" data-elementor-post-type=\"page\">\n\t\t\t\t\t\t<section class=\"elementor-section elementor-top-section elementor-element elementor-element-8c110d0 pbmit-col-stretched-none pbmit-bg-color-over-image elementor-section-boxed elementor-section-height-default elementor-section-height-default\" data-id=\"8c110d0\" data-element_type=\"section\" data-e-type=\"section\">\n\t\t\t\t\t\t<div class=\"elementor-container elementor-column-gap-default\">\n\t\t\t\t\t<div class=\"elementor-column elementor-col-100 elementor-top-column elementor-element elementor-element-fd46500 pbmit-bg-color-over-image\" data-id=\"fd46500\" data-element_type=\"column\" data-e-type=\"column\">\n\t\t\t<div class=\"elementor-widget-wrap elementor-element-populated\">\n\t\t\t\t\t\t<div class=\"elementor-element elementor-element-b404d77 elementor-widget elementor-widget-pbmit_team_element\" data-id=\"b404d77\" data-element_type=\"widget\" data-e-type=\"widget\" data-widget_type=\"pbmit_team_element.default\">\n\t\t\t\t<div class=\"elementor-widget-container\">\n\t\t\t\t\t\r\n\t\t\t<div class=\"pbminfotech-element\r\n\t\t\t\tpbminfotech-element-team\t\t\t\tpbmit-element-team-style-1\t\t\t\tpbmit-element-viewtype-row-column\t\t\t\tpbmit-element-column-four\t\t\t\tpbmit-element-sticky-carousel-false\t\t\t\tpbmit-element-caroursel-dot-false\t\t\t\tpbmit-infinite-scroll-no\t\t\t\tpbmit-infinite-scroll-button-no\t\t\t\tpbminfotech-gap-default\t\t\t\t\t\t\t\t\t\t\t\t\"\r\n\r\n\t\t\t\tdata-cpt=\"team\"\r\n\t\t\t\tdata-totalpagination=\"1\"\r\n\t\t\t\tdata-style=\"1\"\r\n\t\t\t\tdata-show=\"6\"\r\n\t\t\t\tdata-columns=\"4\"\r\n\t\t\t\tdata-loop=\"false\"\r\n\t\t\t\tdata-autoplay=\"false\"\r\n\t\t\t\tdata-center=\"false\"\r\n\t\t\t\tdata-nav=\"false\"\r\n\t\t\t\tdata-dots=\"false\"\r\n\t\t\t\tdata-reverse=\"false\"\r\n\t\t\t\tdata-speed=\"1000\"\r\n\t\t\t\tdata-marquee-speed=\"12000\"\r\n\t\t\t\tdata-delay=\"4000\"\r\n\t\t\t\tdata-margin=\"default\"\r\n\t\t\t\tdata-show-portion=\"false\">\r\n\r\n\t\t\t\t<div class=\"pbmit-element-inner\">\r\n\t\t\t\r\n\r\n\t\t\t\r\n\t\t<div class=\"pbmit-ele-header-area\">\r\n\t\t\t <div class=\"pbmit-heading-subheading pbmit-heading-subheading-style-1  animation-style4\"><h6 class=\"pbmit-element-title\">\r\n\t\t\t\t\r\n\t\t\t\t\tStellv. \u00c4rztliche Leiterin, KNZ\r\n\t\t\t\t\r\n\t\t\t\t<\/h6>\r\n\t\t\t<\/div>\t\t\t\t\t<\/div>\r\n\r\n\t\t<div class=\"pbmit-infinite-scroll-data\">{\"cpt\":\"team\",\"style\":\"1\",\"columns\":\"4\",\"show\":\"6\",\"from_category\":[\"kindernotfallzentrum\"],\"order\":\"ASC\",\"orderby\":\"ID\"}<\/div>\r\n\t\t\t<div class=\"pbmit-element-posts-wrapper row multi-columns-row \">\r\n\t\t\t\t<article class=\"pbmit-ele pbmit-ele-team pbmit-team-style-1 col-md-6 col-lg-3 kindernotfallzentrum pbmit-term-107 pbmit-odd pbmit-col-odd\"><div class=\"pbminfotech-post-item\">\r\n\t<div class=\"pbmit-featured-wrap\">\r\n\t\t<div class=\"pbmit-featured-img-wrapper\"><div class=\"pbmit-featured-wrapper\"><a href=\"https:\/\/kindernotfallzentrum-bonn.de\/?pbmit-team-member=anthea-peters\"><img fetchpriority=\"high\" decoding=\"async\" width=\"650\" height=\"433\" src=\"https:\/\/kindernotfallzentrum-bonn.de\/wp-content\/uploads\/2025\/03\/Arztportrait-scaled.jpg\" class=\"attachment-pbmit-img-650x830 size-pbmit-img-650x830 wp-post-image\" alt=\"\" srcset=\"https:\/\/kindernotfallzentrum-bonn.de\/wp-content\/uploads\/2025\/03\/Arztportrait-scaled.jpg 2560w, https:\/\/kindernotfallzentrum-bonn.de\/wp-content\/uploads\/2025\/03\/Arztportrait-scaled-600x400.jpg 600w, https:\/\/kindernotfallzentrum-bonn.de\/wp-content\/uploads\/2025\/03\/Arztportrait-300x200.jpg 300w, https:\/\/kindernotfallzentrum-bonn.de\/wp-content\/uploads\/2025\/03\/Arztportrait-1024x683.jpg 1024w, https:\/\/kindernotfallzentrum-bonn.de\/wp-content\/uploads\/2025\/03\/Arztportrait-768x512.jpg 768w, https:\/\/kindernotfallzentrum-bonn.de\/wp-content\/uploads\/2025\/03\/Arztportrait-1536x1024.jpg 1536w, https:\/\/kindernotfallzentrum-bonn.de\/wp-content\/uploads\/2025\/03\/Arztportrait-2048x1366.jpg 2048w\" sizes=\"(max-width: 650px) 100vw, 650px\" \/><\/a><\/div><\/div>\t\t<div class=\"pbmit-team-btn\"><a class=\"pbmit-team-text\" href=\"#\" title=\"Go to Dr. Anthea Peters\"><i class=\"pbmit-base-icon-share-1\"><\/i><\/a>\r\n\t\t\t<div class=\"pbminfotech-box-social-links\">\r\n\t\t\t\t\t\t\t<\/div>\r\n\t\t<\/div>\r\n\t<\/div>\r\n\t<div class=\"pbminfotech-box-content\">\r\n\t\t<div class=\"pbminfotech-box-content-inner\">\r\n\t\t\t\t\t\t<div class=\"pbminfotech-box-team-position\">Ober\u00e4rztin, Stellv. \u00c4rztliche Leiterin<\/div>\r\n\t\t\t\t\t\t<h3 class=\"pbmit-team-title\"><a href=\"https:\/\/kindernotfallzentrum-bonn.de\/?pbmit-team-member=anthea-peters\">Dr. Anthea Peters<\/a><\/h3>\r\n\t\t<\/div>\r\n\t<\/div>\r\n<\/div><\/article>\t\t\t<\/div>\r\n\t\t\t\t\t\t\r\n\t\t\r\n\t\t\r\n\t\t\t\t\t\t<\/div><!-- .pbmit-element-inner -->\r\n\t\t\t<\/div><!-- .pbminfotech-element -->\r\n\r\n\t\t\t\t\t\t\t\t\t<\/div>\n\t\t\t\t<\/div>\n\t\t\t\t\t<\/div>\n\t\t<\/div>\n\t\t\t\t\t<\/div>\n\t\t<\/section>\n\t\t\t\t<section class=\"elementor-section elementor-top-section elementor-element elementor-element-297e17a pbmit-col-stretched-none pbmit-bg-color-over-image elementor-section-boxed elementor-section-height-default elementor-section-height-default\" data-id=\"297e17a\" data-element_type=\"section\" data-e-type=\"section\">\n\t\t\t\t\t\t<div class=\"elementor-container elementor-column-gap-default\">\n\t\t\t\t\t<div class=\"elementor-column elementor-col-100 elementor-top-column elementor-element elementor-element-1b1958d pbmit-bg-color-over-image\" data-id=\"1b1958d\" data-element_type=\"column\" data-e-type=\"column\">\n\t\t\t<div class=\"elementor-widget-wrap elementor-element-populated\">\n\t\t\t\t\t\t<div class=\"elementor-element elementor-element-781fe50 elementor-widget elementor-widget-pbmit_team_element\" data-id=\"781fe50\" data-element_type=\"widget\" data-e-type=\"widget\" data-widget_type=\"pbmit_team_element.default\">\n\t\t\t\t<div class=\"elementor-widget-container\">\n\t\t\t\t\t\r\n\t\t\t<div class=\"pbminfotech-element\r\n\t\t\t\tpbminfotech-element-team\t\t\t\tpbmit-element-team-style-4\t\t\t\tpbmit-element-viewtype-row-column\t\t\t\tpbmit-element-column-four\t\t\t\tpbmit-element-sticky-carousel-false\t\t\t\tpbmit-element-caroursel-dot-false\t\t\t\tpbmit-infinite-scroll-no\t\t\t\tpbmit-infinite-scroll-button-no\t\t\t\tpbminfotech-gap-default\t\t\t\t\t\t\t\t\t\t\t\t\"\r\n\r\n\t\t\t\tdata-cpt=\"team\"\r\n\t\t\t\tdata-totalpagination=\"1\"\r\n\t\t\t\tdata-style=\"4\"\r\n\t\t\t\tdata-show=\"10\"\r\n\t\t\t\tdata-columns=\"4\"\r\n\t\t\t\tdata-loop=\"false\"\r\n\t\t\t\tdata-autoplay=\"false\"\r\n\t\t\t\tdata-center=\"false\"\r\n\t\t\t\tdata-nav=\"false\"\r\n\t\t\t\tdata-dots=\"false\"\r\n\t\t\t\tdata-reverse=\"false\"\r\n\t\t\t\tdata-speed=\"1000\"\r\n\t\t\t\tdata-marquee-speed=\"12000\"\r\n\t\t\t\tdata-delay=\"4000\"\r\n\t\t\t\tdata-margin=\"default\"\r\n\t\t\t\tdata-show-portion=\"false\">\r\n\r\n\t\t\t\t<div class=\"pbmit-element-inner\">\r\n\t\t\t\r\n\r\n\t\t\t\r\n\t\t<div class=\"pbmit-ele-header-area\">\r\n\t\t\t <div class=\"pbmit-heading-subheading pbmit-heading-subheading-style-1  animation-style4\"><h2 class=\"pbmit-element-title\">\r\n\t\t\t\t\r\n\t\t\t\t\tOber\u00e4rzte\r\n\t\t\t\t\r\n\t\t\t\t<\/h2>\r\n\t\t\t<\/div>\t\t\t\t\t<\/div>\r\n\r\n\t\t<div class=\"pbmit-infinite-scroll-data\">{\"cpt\":\"team\",\"style\":\"4\",\"columns\":\"4\",\"show\":10,\"from_category\":[\"kinderheilkunde\"],\"order\":\"ASC\",\"orderby\":\"date\"}<\/div>\r\n\t\t\t<div class=\"pbmit-element-posts-wrapper row multi-columns-row \">\r\n\t\t\t\t<article class=\"pbmit-ele pbmit-ele-team pbmit-team-style-4 col-md-6 col-lg-3 kinderheilkunde pbmit-term-109 pbmit-odd pbmit-col-odd\"><div class=\"pbminfotech-post-item\">\r\n\t<div class=\"pbmit-featured-img-wrapper\"><div class=\"pbmit-featured-wrapper\"><a href=\"https:\/\/kindernotfallzentrum-bonn.de\/?pbmit-team-member=felix-schreiner\"><img decoding=\"async\" width=\"540\" height=\"359\" src=\"https:\/\/kindernotfallzentrum-bonn.de\/wp-content\/uploads\/2025\/03\/schreiner_felix.webp\" class=\"attachment-pbmit-img-640x730 size-pbmit-img-640x730 wp-post-image\" alt=\"\" srcset=\"https:\/\/kindernotfallzentrum-bonn.de\/wp-content\/uploads\/2025\/03\/schreiner_felix.webp 540w, https:\/\/kindernotfallzentrum-bonn.de\/wp-content\/uploads\/2025\/03\/schreiner_felix-300x199.webp 300w\" sizes=\"(max-width: 540px) 100vw, 540px\" \/><\/a><\/div><\/div>\t<div class=\"pbminfotech-box-content\">\r\n\t\t<h3 class=\"pbmit-team-title\"><a href=\"https:\/\/kindernotfallzentrum-bonn.de\/?pbmit-team-member=felix-schreiner\">Priv.-Doz. Dr. med. Felix Schreiner<\/a><\/h3>\r\n\t\t\t\t\t<div class=\"pbminfotech-box-team-position\">Oberarzt, Schwerpunkt Endokrinologie und Diabetologie<\/div>\r\n\t\t\t\t<\/div>\r\n\t<div class=\"pbmit-team-btn\"><a class=\"pbmit-team-text\" href=\"#\" title=\"Go to Priv.-Doz. Dr. med. Felix Schreiner\"><i class=\"pbmit-base-icon-share-1\"><\/i><\/a>\r\n\t\t<div class=\"pbminfotech-box-social-links\">\r\n\t\t\t\t\t<\/div>\r\n\t<\/div>\r\n<\/div><\/article><article class=\"pbmit-ele pbmit-ele-team pbmit-team-style-4 col-md-6 col-lg-3 kinderheilkunde pbmit-term-109 pbmit-even pbmit-col-odd\"><div class=\"pbminfotech-post-item\">\r\n\t<div class=\"pbmit-featured-img-wrapper\"><div class=\"pbmit-featured-wrapper\"><a href=\"https:\/\/kindernotfallzentrum-bonn.de\/?pbmit-team-member=priv-doz-dr-med-tolga-yavuz\"><img decoding=\"async\" width=\"350\" height=\"253\" src=\"https:\/\/kindernotfallzentrum-bonn.de\/wp-content\/uploads\/2025\/03\/Dr.-Tolga-Yavuz-e1742395853947.jpg\" class=\"attachment-pbmit-img-640x730 size-pbmit-img-640x730 wp-post-image\" alt=\"\" srcset=\"https:\/\/kindernotfallzentrum-bonn.de\/wp-content\/uploads\/2025\/03\/Dr.-Tolga-Yavuz-e1742395853947.jpg 350w, https:\/\/kindernotfallzentrum-bonn.de\/wp-content\/uploads\/2025\/03\/Dr.-Tolga-Yavuz-e1742395853947-300x217.jpg 300w\" sizes=\"(max-width: 350px) 100vw, 350px\" \/><\/a><\/div><\/div>\t<div class=\"pbminfotech-box-content\">\r\n\t\t<h3 class=\"pbmit-team-title\"><a href=\"https:\/\/kindernotfallzentrum-bonn.de\/?pbmit-team-member=priv-doz-dr-med-tolga-yavuz\">Priv.-Doz. Dr. med. Tolga Yavuz<\/a><\/h3>\r\n\t\t\t\t\t<div class=\"pbminfotech-box-team-position\">Oberarzt, Kinderallergologie<\/div>\r\n\t\t\t\t<\/div>\r\n\t<div class=\"pbmit-team-btn\"><a class=\"pbmit-team-text\" href=\"#\" title=\"Go to Priv.-Doz. Dr. med. Tolga Yavuz\"><i class=\"pbmit-base-icon-share-1\"><\/i><\/a>\r\n\t\t<div class=\"pbminfotech-box-social-links\">\r\n\t\t\t\t\t<\/div>\r\n\t<\/div>\r\n<\/div><\/article><article class=\"pbmit-ele pbmit-ele-team pbmit-team-style-4 col-md-6 col-lg-3 kinderheilkunde pbmit-term-109 pbmit-odd pbmit-col-odd\"><div class=\"pbminfotech-post-item\">\r\n\t\t<div class=\"pbminfotech-box-content\">\r\n\t\t<h3 class=\"pbmit-team-title\"><a href=\"https:\/\/kindernotfallzentrum-bonn.de\/?pbmit-team-member=dr-gesche-dueker\">Dr. Gesche D\u00fcker<\/a><\/h3>\r\n\t\t\t\t\t<div class=\"pbminfotech-box-team-position\">Ober\u00e4rztin<\/div>\r\n\t\t\t\t<\/div>\r\n\t<div class=\"pbmit-team-btn\"><a class=\"pbmit-team-text\" href=\"#\" title=\"Go to Dr. Gesche D\u00fcker\"><i class=\"pbmit-base-icon-share-1\"><\/i><\/a>\r\n\t\t<div class=\"pbminfotech-box-social-links\">\r\n\t\t\t\t\t<\/div>\r\n\t<\/div>\r\n<\/div><\/article><article class=\"pbmit-ele pbmit-ele-team pbmit-team-style-4 col-md-6 col-lg-3 kinderheilkunde pbmit-term-109 pbmit-even pbmit-col-odd\"><div class=\"pbminfotech-post-item\">\r\n\t<div class=\"pbmit-featured-img-wrapper\"><div class=\"pbmit-featured-wrapper\"><a href=\"https:\/\/kindernotfallzentrum-bonn.de\/?pbmit-team-member=maximilian-hohenadel\"><img loading=\"lazy\" decoding=\"async\" width=\"540\" height=\"360\" src=\"https:\/\/kindernotfallzentrum-bonn.de\/wp-content\/uploads\/2025\/03\/hohenadel_maximilian.webp\" class=\"attachment-pbmit-img-640x730 size-pbmit-img-640x730 wp-post-image\" alt=\"\" srcset=\"https:\/\/kindernotfallzentrum-bonn.de\/wp-content\/uploads\/2025\/03\/hohenadel_maximilian.webp 540w, https:\/\/kindernotfallzentrum-bonn.de\/wp-content\/uploads\/2025\/03\/hohenadel_maximilian-300x200.webp 300w\" sizes=\"(max-width: 540px) 100vw, 540px\" \/><\/a><\/div><\/div>\t<div class=\"pbminfotech-box-content\">\r\n\t\t<h3 class=\"pbmit-team-title\"><a href=\"https:\/\/kindernotfallzentrum-bonn.de\/?pbmit-team-member=maximilian-hohenadel\">Maximilian Hohenadel<\/a><\/h3>\r\n\t\t\t\t\t<div class=\"pbminfotech-box-team-position\">Oberarzt, Kindernephrologie<\/div>\r\n\t\t\t\t<\/div>\r\n\t<div class=\"pbmit-team-btn\"><a class=\"pbmit-team-text\" href=\"#\" title=\"Go to Maximilian Hohenadel\"><i class=\"pbmit-base-icon-share-1\"><\/i><\/a>\r\n\t\t<div class=\"pbminfotech-box-social-links\">\r\n\t\t\t\t\t<\/div>\r\n\t<\/div>\r\n<\/div><\/article><article class=\"pbmit-ele pbmit-ele-team pbmit-team-style-4 col-md-6 col-lg-3 kinderheilkunde pbmit-term-109 pbmit-odd pbmit-col-even\"><div class=\"pbminfotech-post-item\">\r\n\t<div class=\"pbmit-featured-img-wrapper\"><div class=\"pbmit-featured-wrapper\"><a href=\"https:\/\/kindernotfallzentrum-bonn.de\/?pbmit-team-member=dr-med-david-katzer\"><img loading=\"lazy\" decoding=\"async\" width=\"640\" height=\"462\" src=\"https:\/\/kindernotfallzentrum-bonn.de\/wp-content\/uploads\/2025\/03\/Foto-Katzer.webp\" class=\"attachment-pbmit-img-640x730 size-pbmit-img-640x730 wp-post-image\" alt=\"\" srcset=\"https:\/\/kindernotfallzentrum-bonn.de\/wp-content\/uploads\/2025\/03\/Foto-Katzer.webp 1920w, https:\/\/kindernotfallzentrum-bonn.de\/wp-content\/uploads\/2025\/03\/Foto-Katzer-600x433.webp 600w, https:\/\/kindernotfallzentrum-bonn.de\/wp-content\/uploads\/2025\/03\/Foto-Katzer-300x217.webp 300w, https:\/\/kindernotfallzentrum-bonn.de\/wp-content\/uploads\/2025\/03\/Foto-Katzer-1024x739.webp 1024w, https:\/\/kindernotfallzentrum-bonn.de\/wp-content\/uploads\/2025\/03\/Foto-Katzer-768x554.webp 768w, https:\/\/kindernotfallzentrum-bonn.de\/wp-content\/uploads\/2025\/03\/Foto-Katzer-1536x1109.webp 1536w\" sizes=\"(max-width: 640px) 100vw, 640px\" \/><\/a><\/div><\/div>\t<div class=\"pbminfotech-box-content\">\r\n\t\t<h3 class=\"pbmit-team-title\"><a href=\"https:\/\/kindernotfallzentrum-bonn.de\/?pbmit-team-member=dr-med-david-katzer\">Dr. med. David Katzer<\/a><\/h3>\r\n\t\t\t\t\t<div class=\"pbminfotech-box-team-position\">Oberarzt, Kindergastroenterologie, -Hepatologie und -Endoskopie<\/div>\r\n\t\t\t\t<\/div>\r\n\t<div class=\"pbmit-team-btn\"><a class=\"pbmit-team-text\" href=\"#\" title=\"Go to Dr. med. David Katzer\"><i class=\"pbmit-base-icon-share-1\"><\/i><\/a>\r\n\t\t<div class=\"pbminfotech-box-social-links\">\r\n\t\t\t\t\t<\/div>\r\n\t<\/div>\r\n<\/div><\/article><article class=\"pbmit-ele pbmit-ele-team pbmit-team-style-4 col-md-6 col-lg-3 kinderheilkunde pbmit-term-109 pbmit-even pbmit-col-even\"><div class=\"pbminfotech-post-item\">\r\n\t<div class=\"pbmit-featured-img-wrapper\"><div class=\"pbmit-featured-wrapper\"><a href=\"https:\/\/kindernotfallzentrum-bonn.de\/?pbmit-team-member=alex-weigert\"><img loading=\"lazy\" decoding=\"async\" width=\"640\" height=\"427\" src=\"https:\/\/kindernotfallzentrum-bonn.de\/wp-content\/uploads\/2025\/03\/Portrait-Weigert-Foto.webp\" class=\"attachment-pbmit-img-640x730 size-pbmit-img-640x730 wp-post-image\" alt=\"\" srcset=\"https:\/\/kindernotfallzentrum-bonn.de\/wp-content\/uploads\/2025\/03\/Portrait-Weigert-Foto.webp 1920w, https:\/\/kindernotfallzentrum-bonn.de\/wp-content\/uploads\/2025\/03\/Portrait-Weigert-Foto-600x401.webp 600w, https:\/\/kindernotfallzentrum-bonn.de\/wp-content\/uploads\/2025\/03\/Portrait-Weigert-Foto-300x200.webp 300w, https:\/\/kindernotfallzentrum-bonn.de\/wp-content\/uploads\/2025\/03\/Portrait-Weigert-Foto-1024x684.webp 1024w, https:\/\/kindernotfallzentrum-bonn.de\/wp-content\/uploads\/2025\/03\/Portrait-Weigert-Foto-768x513.webp 768w, https:\/\/kindernotfallzentrum-bonn.de\/wp-content\/uploads\/2025\/03\/Portrait-Weigert-Foto-1536x1026.webp 1536w\" sizes=\"(max-width: 640px) 100vw, 640px\" \/><\/a><\/div><\/div>\t<div class=\"pbminfotech-box-content\">\r\n\t\t<h3 class=\"pbmit-team-title\"><a href=\"https:\/\/kindernotfallzentrum-bonn.de\/?pbmit-team-member=alex-weigert\">Dr. med. Alex Weigert<\/a><\/h3>\r\n\t\t\t\t\t<div class=\"pbminfotech-box-team-position\">Funktionsoberarzt, Kindergastroenterologie, -Hepatologie und -Endoskopie<\/div>\r\n\t\t\t\t<\/div>\r\n\t<div class=\"pbmit-team-btn\"><a class=\"pbmit-team-text\" href=\"#\" title=\"Go to Dr. med. Alex Weigert\"><i class=\"pbmit-base-icon-share-1\"><\/i><\/a>\r\n\t\t<div class=\"pbminfotech-box-social-links\">\r\n\t\t\t\t\t<\/div>\r\n\t<\/div>\r\n<\/div><\/article><article class=\"pbmit-ele pbmit-ele-team pbmit-team-style-4 col-md-6 col-lg-3 kinderheilkunde pbmit-term-109 pbmit-odd pbmit-col-even\"><div class=\"pbminfotech-post-item\">\r\n\t<div class=\"pbmit-featured-img-wrapper\"><div class=\"pbmit-featured-wrapper\"><a href=\"https:\/\/kindernotfallzentrum-bonn.de\/?pbmit-team-member=thomas-bogs\"><img loading=\"lazy\" decoding=\"async\" width=\"640\" height=\"730\" src=\"https:\/\/kindernotfallzentrum-bonn.de\/wp-content\/uploads\/2026\/03\/Thomas-Bogs-1-e1773412991693-640x730.jpg\" class=\"attachment-pbmit-img-640x730 size-pbmit-img-640x730 wp-post-image\" alt=\"\" \/><\/a><\/div><\/div>\t<div class=\"pbminfotech-box-content\">\r\n\t\t<h3 class=\"pbmit-team-title\"><a href=\"https:\/\/kindernotfallzentrum-bonn.de\/?pbmit-team-member=thomas-bogs\">Dr. med. Thomas Bogs<\/a><\/h3>\r\n\t\t\t\t\t<div class=\"pbminfotech-box-team-position\">Funktionsoberarzt, Kinderallergologie<\/div>\r\n\t\t\t\t<\/div>\r\n\t<div class=\"pbmit-team-btn\"><a class=\"pbmit-team-text\" href=\"#\" title=\"Go to Dr. med. Thomas Bogs\"><i class=\"pbmit-base-icon-share-1\"><\/i><\/a>\r\n\t\t<div class=\"pbminfotech-box-social-links\">\r\n\t\t\t\t\t<\/div>\r\n\t<\/div>\r\n<\/div><\/article>\t\t\t<\/div>\r\n\t\t\t\t\t\t\r\n\t\t\r\n\t\t\r\n\t\t\t\t\t\t<\/div><!-- .pbmit-element-inner -->\r\n\t\t\t<\/div><!-- .pbminfotech-element -->\r\n\r\n\t\t\t\t\t\t\t\t\t<\/div>\n\t\t\t\t<\/div>\n\t\t\t\t\t<\/div>\n\t\t<\/div>\n\t\t\t\t\t<\/div>\n\t\t<\/section>\n\t\t\t\t<\/div>\n\t\t","protected":false},"excerpt":{"rendered":"<p>Stellv. \u00c4rztliche Leiterin, KNZ {&#8220;cpt&#8221;:&#8221;team&#8221;,&#8221;style&#8221;:&#8221;1&#8243;,&#8221;columns&#8221;:&#8221;4&#8243;,&#8221;show&#8221;:&#8221;6&#8243;,&#8221;from_category&#8221;:[&#8220;kindernotfallzentrum&#8221;],&#8221;order&#8221;:&#8221;ASC&#8221;,&#8221;orderby&#8221;:&#8221;ID&#8221;} Ober\u00e4rztin, Stellv. \u00c4rztliche Leiterin Dr. Anthea Peters Ober\u00e4rzte {&#8220;cpt&#8221;:&#8221;team&#8221;,&#8221;style&#8221;:&#8221;4&#8243;,&#8221;columns&#8221;:&#8221;4&#8243;,&#8221;show&#8221;:10,&#8221;from_category&#8221;:[&#8220;kinderheilkunde&#8221;],&#8221;order&#8221;:&#8221;ASC&#8221;,&#8221;orderby&#8221;:&#8221;date&#8221;} Priv.-Doz. Dr. med. Felix Schreiner Oberarzt, Schwerpunkt Endokrinologie und Diabetologie Priv.-Doz. Dr. med. Tolga Yavuz Oberarzt, Kinderallergologie Dr. Gesche D\u00fcker Ober\u00e4rztin Maximilian Hohenadel Oberarzt, Kindernephrologie Dr. med. Alex Weigert Funktionsoberarzt, Kindergastroenterologie, -Hepatologie und -Endoskopie Dr. med. David Katzer Oberarzt, Kindergastroenterologie, -Hepatologie [&hellip;]<\/p>\n","protected":false},"author":1,"featured_media":0,"parent":0,"menu_order":0,"comment_status":"closed","ping_status":"closed","template":"","meta":{"_acf_changed":false,"inline_featured_image":false,"_monsterinsights_skip_tracking":false,"_monsterinsights_sitenote_active":false,"_monsterinsights_sitenote_note":"","_monsterinsights_sitenote_category":0,"footnotes":""},"class_list":["post-8226","page","type-page","status-publish","hentry"],"acf":[],"aioseo_notices":[],"_links":{"self":[{"href":"https:\/\/kindernotfallzentrum-bonn.de\/index.php?rest_route=\/wp\/v2\/pages\/8226","targetHints":{"allow":["GET"]}}],"collection":[{"href":"https:\/\/kindernotfallzentrum-bonn.de\/index.php?rest_route=\/wp\/v2\/pages"}],"about":[{"href":"https:\/\/kindernotfallzentrum-bonn.de\/index.php?rest_route=\/wp\/v2\/types\/page"}],"author":[{"embeddable":true,"href":"https:\/\/kindernotfallzentrum-bonn.de\/index.php?rest_route=\/wp\/v2\/users\/1"}],"replies":[{"embeddable":true,"href":"https:\/\/kindernotfallzentrum-bonn.de\/index.php?rest_route=%2Fwp%2Fv2%2Fcomments&post=8226"}],"version-history":[{"count":47,"href":"https:\/\/kindernotfallzentrum-bonn.de\/index.php?rest_route=\/wp\/v2\/pages\/8226\/revisions"}],"predecessor-version":[{"id":10192,"href":"https:\/\/kindernotfallzentrum-bonn.de\/index.php?rest_route=\/wp\/v2\/pages\/8226\/revisions\/10192"}],"wp:attachment":[{"href":"https:\/\/kindernotfallzentrum-bonn.de\/index.php?rest_route=%2Fwp%2Fv2%2Fmedia&parent=8226"}],"curies":[{"name":"wp","href":"https:\/\/api.w.org\/{rel}","templated":true}]}}