{"id":8779,"date":"2025-03-14T09:17:09","date_gmt":"2025-03-14T09:17:09","guid":{"rendered":"http:\/\/kindernotfallmedizin-bonn.de\/?page_id=8779"},"modified":"2026-03-18T12:46:47","modified_gmt":"2026-03-18T12:46:47","slug":"unser-arbeit","status":"publish","type":"page","link":"https:\/\/kindernotfallzentrum-bonn.de\/?page_id=8779","title":{"rendered":"Unser Arbeit"},"content":{"rendered":"\t\t<div data-elementor-type=\"wp-page\" data-elementor-id=\"8779\" class=\"elementor elementor-8779\" data-elementor-post-type=\"page\">\n\t\t\t\t\t\t<section class=\"elementor-section elementor-top-section elementor-element elementor-element-4c36e40 pbmit-col-stretched-none pbmit-bg-color-over-image elementor-section-boxed elementor-section-height-default elementor-section-height-default\" data-id=\"4c36e40\" data-element_type=\"section\" data-e-type=\"section\">\n\t\t\t\t\t\t<div class=\"elementor-container elementor-column-gap-default\">\n\t\t\t\t\t<div class=\"elementor-column elementor-col-50 elementor-top-column elementor-element elementor-element-e2371d9 pbmit-bg-color-over-image\" data-id=\"e2371d9\" data-element_type=\"column\" data-e-type=\"column\">\n\t\t\t<div class=\"elementor-widget-wrap elementor-element-populated\">\n\t\t\t\t\t\t<div class=\"elementor-element elementor-element-1d359ef elementor-widget elementor-widget-text-editor\" data-id=\"1d359ef\" data-element_type=\"widget\" data-e-type=\"widget\" data-widget_type=\"text-editor.default\">\n\t\t\t\t<div class=\"elementor-widget-container\">\n\t\t\t\t\t\t\t\t\t<h5>Unser Engagement f\u00fcr Kinder in Notfall-Situationen<\/h5>\t\t\t\t\t\t\t\t<\/div>\n\t\t\t\t<\/div>\n\t\t\t\t<div class=\"elementor-element elementor-element-feadd11 elementor-widget elementor-widget-text-editor\" data-id=\"feadd11\" data-element_type=\"widget\" data-e-type=\"widget\" data-widget_type=\"text-editor.default\">\n\t\t\t\t<div class=\"elementor-widget-container\">\n\t\t\t\t\t\t\t\t\t<p><span style=\"color: #000000;\">Professionelle Hilfe f\u00fcr die Kleinsten<\/span><\/p><p><span style=\"color: #000000;\">Das Kindernotfallzentrum des Universit\u00e4tsklinikums Bonn ist die zentrale Anlaufstelle f\u00fcr Notf\u00e4lle bei Kindern und Jugendlichen bis 18 Jahre. Es bietet umfassende Notfallversorgung auf h\u00f6chstem Niveau, unterst\u00fctzt durch ein engagiertes Team von Fach\u00e4rzten und modernster Technik.<\/span><\/p><ul><li><span style=\"color: #000000;\">Fach\u00e4rzte f\u00fcr Kinderheilkunde<\/span><\/li><li><span style=\"color: #000000;\">Engagierte Pflegekr\u00e4fte<\/span><\/li><li><span style=\"color: #000000;\">Umfassende Notfallversorgung<\/span><\/li><li><span style=\"color: #000000;\">Notfalltrainingszentrum<\/span><\/li><\/ul>\t\t\t\t\t\t\t\t<\/div>\n\t\t\t\t<\/div>\n\t\t\t\t<div class=\"elementor-element elementor-element-0352457 pbmit-animation-none elementor-widget elementor-widget-image\" data-id=\"0352457\" data-element_type=\"widget\" data-e-type=\"widget\" data-widget_type=\"image.default\">\n\t\t\t\t<div class=\"elementor-widget-container\">\n\t\t\t\t\t\t\t\t\t\t\t\t\t\t\t<img fetchpriority=\"high\" decoding=\"async\" width=\"768\" height=\"511\" src=\"https:\/\/kindernotfallzentrum-bonn.de\/wp-content\/uploads\/2024\/03\/das-kindernotfallzentrum-bonn23464_proportional_8-768x511.jpg\" class=\"attachment-medium_large size-medium_large wp-image-8149\" alt=\"\" srcset=\"https:\/\/kindernotfallzentrum-bonn.de\/wp-content\/uploads\/2024\/03\/das-kindernotfallzentrum-bonn23464_proportional_8-768x511.jpg 768w, https:\/\/kindernotfallzentrum-bonn.de\/wp-content\/uploads\/2024\/03\/das-kindernotfallzentrum-bonn23464_proportional_8-600x399.jpg 600w, https:\/\/kindernotfallzentrum-bonn.de\/wp-content\/uploads\/2024\/03\/das-kindernotfallzentrum-bonn23464_proportional_8-300x200.jpg 300w, https:\/\/kindernotfallzentrum-bonn.de\/wp-content\/uploads\/2024\/03\/das-kindernotfallzentrum-bonn23464_proportional_8.jpg 821w\" sizes=\"(max-width: 768px) 100vw, 768px\" \/>\t\t\t\t\t\t\t\t\t\t\t\t\t\t\t<\/div>\n\t\t\t\t<\/div>\n\t\t\t\t\t<\/div>\n\t\t<\/div>\n\t\t\t\t<div class=\"elementor-column elementor-col-50 elementor-top-column elementor-element elementor-element-642326b pbmit-bg-color-over-image\" data-id=\"642326b\" data-element_type=\"column\" data-e-type=\"column\">\n\t\t\t<div class=\"elementor-widget-wrap elementor-element-populated\">\n\t\t\t\t\t\t<div class=\"elementor-element elementor-element-b4e756d elementor-widget elementor-widget-gallery\" data-id=\"b4e756d\" data-element_type=\"widget\" data-e-type=\"widget\" data-settings=\"{&quot;overlay_title&quot;:&quot;caption&quot;,&quot;columns&quot;:3,&quot;gap&quot;:{&quot;unit&quot;:&quot;px&quot;,&quot;size&quot;:20,&quot;sizes&quot;:[]},&quot;lazyload&quot;:&quot;yes&quot;,&quot;gallery_layout&quot;:&quot;grid&quot;,&quot;columns_tablet&quot;:2,&quot;columns_mobile&quot;:1,&quot;gap_tablet&quot;:{&quot;unit&quot;:&quot;px&quot;,&quot;size&quot;:10,&quot;sizes&quot;:[]},&quot;gap_mobile&quot;:{&quot;unit&quot;:&quot;px&quot;,&quot;size&quot;:10,&quot;sizes&quot;:[]},&quot;link_to&quot;:&quot;file&quot;,&quot;aspect_ratio&quot;:&quot;3:2&quot;,&quot;overlay_background&quot;:&quot;yes&quot;,&quot;content_hover_animation&quot;:&quot;fade-in&quot;}\" data-widget_type=\"gallery.default\">\n\t\t\t\t<div class=\"elementor-widget-container\">\n\t\t\t\t\t\t\t<div class=\"elementor-gallery__container\">\n\t\t\t\t\t\t\t<a class=\"e-gallery-item elementor-gallery-item elementor-animated-content\" href=\"https:\/\/kindernotfallzentrum-bonn.de\/wp-content\/uploads\/2024\/03\/20250223_122349-scaled-1-e1763314629890.jpg\" data-elementor-open-lightbox=\"yes\" data-elementor-lightbox-slideshow=\"b4e756d\" data-elementor-lightbox-title=\"20250223_122349\" data-e-action-hash=\"#elementor-action%3Aaction%3Dlightbox%26settings%3DeyJpZCI6ODA5NSwidXJsIjoiaHR0cHM6XC9cL2tpbmRlcm5vdGZhbGx6ZW50cnVtLWJvbm4uZGVcL3dwLWNvbnRlbnRcL3VwbG9hZHNcLzIwMjRcLzAzXC8yMDI1MDIyM18xMjIzNDktc2NhbGVkLTEtZTE3NjMzMTQ2Mjk4OTAuanBnIiwic2xpZGVzaG93IjoiYjRlNzU2ZCJ9\">\n\t\t\t\t\t<div class=\"e-gallery-image elementor-gallery-item__image\" data-thumbnail=\"https:\/\/kindernotfallzentrum-bonn.de\/wp-content\/uploads\/2024\/03\/20250223_122349-scaled-1-300x169.jpg\" data-width=\"300\" data-height=\"169\" aria-label=\"\" role=\"img\" ><\/div>\n\t\t\t\t\t\t\t\t\t\t\t<div class=\"elementor-gallery-item__overlay\"><\/div>\n\t\t\t\t\t\t\t\t\t\t\t\t\t\t\t<div class=\"elementor-gallery-item__content\">\n\t\t\t\t\t\t\t\t\t\t\t\t\t\t<div class=\"elementor-gallery-item__title\">\n\t\t\t\t\t\t\t\t\t\t\t\t\t\t\t\t\t\tEingang-KNZ\t\t\t\t\t\t\t\t<\/div>\n\t\t\t\t\t\t\t\t\t\t\t\t<\/div>\n\t\t\t\t\t\t\t\t\t<\/a>\n\t\t\t\t\t\t\t<a class=\"e-gallery-item elementor-gallery-item elementor-animated-content\" href=\"https:\/\/kindernotfallzentrum-bonn.de\/wp-content\/uploads\/2024\/03\/20250223_122859-scaled-1.jpg\" data-elementor-open-lightbox=\"yes\" data-elementor-lightbox-slideshow=\"b4e756d\" data-elementor-lightbox-title=\"20250223_122859\" data-e-action-hash=\"#elementor-action%3Aaction%3Dlightbox%26settings%3DeyJpZCI6ODExNywidXJsIjoiaHR0cHM6XC9cL2tpbmRlcm5vdGZhbGx6ZW50cnVtLWJvbm4uZGVcL3dwLWNvbnRlbnRcL3VwbG9hZHNcLzIwMjRcLzAzXC8yMDI1MDIyM18xMjI4NTktc2NhbGVkLTEuanBnIiwic2xpZGVzaG93IjoiYjRlNzU2ZCJ9\">\n\t\t\t\t\t<div class=\"e-gallery-image elementor-gallery-item__image\" data-thumbnail=\"https:\/\/kindernotfallzentrum-bonn.de\/wp-content\/uploads\/2024\/03\/20250223_122859-scaled-1-300x169.jpg\" data-width=\"300\" data-height=\"169\" aria-label=\"\" role=\"img\" ><\/div>\n\t\t\t\t\t\t\t\t\t\t\t<div class=\"elementor-gallery-item__overlay\"><\/div>\n\t\t\t\t\t\t\t\t\t\t\t\t\t\t\t<div class=\"elementor-gallery-item__content\">\n\t\t\t\t\t\t\t\t\t\t\t\t\t\t<div class=\"elementor-gallery-item__title\">\n\t\t\t\t\t\t\t\t\t\t\t\t\t\t\t\t\t\tKindernotfallzentrum\t\t\t\t\t\t\t\t<\/div>\n\t\t\t\t\t\t\t\t\t\t\t\t<\/div>\n\t\t\t\t\t\t\t\t\t<\/a>\n\t\t\t\t\t\t\t<a class=\"e-gallery-item elementor-gallery-item elementor-animated-content\" href=\"https:\/\/kindernotfallzentrum-bonn.de\/wp-content\/uploads\/2024\/03\/20250223_122807-scaled-1.jpg\" data-elementor-open-lightbox=\"yes\" data-elementor-lightbox-slideshow=\"b4e756d\" data-elementor-lightbox-title=\"20250223_122807\" data-e-action-hash=\"#elementor-action%3Aaction%3Dlightbox%26settings%3DeyJpZCI6ODExNCwidXJsIjoiaHR0cHM6XC9cL2tpbmRlcm5vdGZhbGx6ZW50cnVtLWJvbm4uZGVcL3dwLWNvbnRlbnRcL3VwbG9hZHNcLzIwMjRcLzAzXC8yMDI1MDIyM18xMjI4MDctc2NhbGVkLTEuanBnIiwic2xpZGVzaG93IjoiYjRlNzU2ZCJ9\">\n\t\t\t\t\t<div class=\"e-gallery-image elementor-gallery-item__image\" data-thumbnail=\"https:\/\/kindernotfallzentrum-bonn.de\/wp-content\/uploads\/2024\/03\/20250223_122807-scaled-1-300x169.jpg\" data-width=\"300\" data-height=\"169\" aria-label=\"\" role=\"img\" ><\/div>\n\t\t\t\t\t\t\t\t\t\t\t<div class=\"elementor-gallery-item__overlay\"><\/div>\n\t\t\t\t\t\t\t\t\t\t\t\t\t\t\t<div class=\"elementor-gallery-item__content\">\n\t\t\t\t\t\t\t\t\t\t\t\t\t\t<div class=\"elementor-gallery-item__title\">\n\t\t\t\t\t\t\t\t\t\t\t\t\t\t\t\t\t\tAnmeldung\t\t\t\t\t\t\t\t<\/div>\n\t\t\t\t\t\t\t\t\t\t\t\t<\/div>\n\t\t\t\t\t\t\t\t\t<\/a>\n\t\t\t\t\t\t\t<a class=\"e-gallery-item elementor-gallery-item elementor-animated-content\" href=\"https:\/\/kindernotfallzentrum-bonn.de\/wp-content\/uploads\/2024\/03\/20250223_123528-scaled-1.jpg\" data-elementor-open-lightbox=\"yes\" data-elementor-lightbox-slideshow=\"b4e756d\" data-elementor-lightbox-title=\"20250223_123528\" data-e-action-hash=\"#elementor-action%3Aaction%3Dlightbox%26settings%3DeyJpZCI6ODEzOCwidXJsIjoiaHR0cHM6XC9cL2tpbmRlcm5vdGZhbGx6ZW50cnVtLWJvbm4uZGVcL3dwLWNvbnRlbnRcL3VwbG9hZHNcLzIwMjRcLzAzXC8yMDI1MDIyM18xMjM1Mjgtc2NhbGVkLTEuanBnIiwic2xpZGVzaG93IjoiYjRlNzU2ZCJ9\">\n\t\t\t\t\t<div class=\"e-gallery-image elementor-gallery-item__image\" data-thumbnail=\"https:\/\/kindernotfallzentrum-bonn.de\/wp-content\/uploads\/2024\/03\/20250223_123528-scaled-1-169x300.jpg\" data-width=\"169\" data-height=\"300\" aria-label=\"\" role=\"img\" ><\/div>\n\t\t\t\t\t\t\t\t\t\t\t<div class=\"elementor-gallery-item__overlay\"><\/div>\n\t\t\t\t\t\t\t\t\t\t\t\t\t\t\t<div class=\"elementor-gallery-item__content\">\n\t\t\t\t\t\t\t\t\t\t\t\t\t\t<div class=\"elementor-gallery-item__title\">\n\t\t\t\t\t\t\t\t\t\t\t\t\t\t\t\t\t\tSt\u00fctzpunkt\t\t\t\t\t\t\t\t<\/div>\n\t\t\t\t\t\t\t\t\t\t\t\t<\/div>\n\t\t\t\t\t\t\t\t\t<\/a>\n\t\t\t\t\t\t\t<a class=\"e-gallery-item elementor-gallery-item elementor-animated-content\" href=\"https:\/\/kindernotfallzentrum-bonn.de\/wp-content\/uploads\/2024\/03\/20250223_122419-scaled-1.jpg\" data-elementor-open-lightbox=\"yes\" data-elementor-lightbox-slideshow=\"b4e756d\" data-elementor-lightbox-title=\"20250223_122419\" data-e-action-hash=\"#elementor-action%3Aaction%3Dlightbox%26settings%3DeyJpZCI6ODA5NywidXJsIjoiaHR0cHM6XC9cL2tpbmRlcm5vdGZhbGx6ZW50cnVtLWJvbm4uZGVcL3dwLWNvbnRlbnRcL3VwbG9hZHNcLzIwMjRcLzAzXC8yMDI1MDIyM18xMjI0MTktc2NhbGVkLTEuanBnIiwic2xpZGVzaG93IjoiYjRlNzU2ZCJ9\">\n\t\t\t\t\t<div class=\"e-gallery-image elementor-gallery-item__image\" data-thumbnail=\"https:\/\/kindernotfallzentrum-bonn.de\/wp-content\/uploads\/2024\/03\/20250223_122419-scaled-1-300x169.jpg\" data-width=\"300\" data-height=\"169\" aria-label=\"\" role=\"img\" ><\/div>\n\t\t\t\t\t\t\t\t\t\t\t<div class=\"elementor-gallery-item__overlay\"><\/div>\n\t\t\t\t\t\t\t\t\t\t\t\t\t\t\t<div class=\"elementor-gallery-item__content\">\n\t\t\t\t\t\t\t\t\t\t\t\t\t\t<div class=\"elementor-gallery-item__title\">\n\t\t\t\t\t\t\t\t\t\t\t\t\t\t\t\t\t\tSchockraum\t\t\t\t\t\t\t\t<\/div>\n\t\t\t\t\t\t\t\t\t\t\t\t<\/div>\n\t\t\t\t\t\t\t\t\t<\/a>\n\t\t\t\t\t\t\t<a class=\"e-gallery-item elementor-gallery-item elementor-animated-content\" href=\"https:\/\/kindernotfallzentrum-bonn.de\/wp-content\/uploads\/2024\/03\/20250223_123402-scaled-1.jpg\" data-elementor-open-lightbox=\"yes\" data-elementor-lightbox-slideshow=\"b4e756d\" data-elementor-lightbox-title=\"20250223_123402\" data-e-action-hash=\"#elementor-action%3Aaction%3Dlightbox%26settings%3DeyJpZCI6ODEzMiwidXJsIjoiaHR0cHM6XC9cL2tpbmRlcm5vdGZhbGx6ZW50cnVtLWJvbm4uZGVcL3dwLWNvbnRlbnRcL3VwbG9hZHNcLzIwMjRcLzAzXC8yMDI1MDIyM18xMjM0MDItc2NhbGVkLTEuanBnIiwic2xpZGVzaG93IjoiYjRlNzU2ZCJ9\">\n\t\t\t\t\t<div class=\"e-gallery-image elementor-gallery-item__image\" data-thumbnail=\"https:\/\/kindernotfallzentrum-bonn.de\/wp-content\/uploads\/2024\/03\/20250223_123402-scaled-1-300x169.jpg\" data-width=\"300\" data-height=\"169\" aria-label=\"\" role=\"img\" ><\/div>\n\t\t\t\t\t\t\t\t\t\t\t<div class=\"elementor-gallery-item__overlay\"><\/div>\n\t\t\t\t\t\t\t\t\t\t\t\t\t\t\t<div class=\"elementor-gallery-item__content\">\n\t\t\t\t\t\t\t\t\t\t\t\t\t\t<div class=\"elementor-gallery-item__title\">\n\t\t\t\t\t\t\t\t\t\t\t\t\t\t\t\t\t\tSchokraum\t\t\t\t\t\t\t\t<\/div>\n\t\t\t\t\t\t\t\t\t\t\t\t<\/div>\n\t\t\t\t\t\t\t\t\t<\/a>\n\t\t\t\t\t\t\t<a class=\"e-gallery-item elementor-gallery-item elementor-animated-content\" href=\"https:\/\/kindernotfallzentrum-bonn.de\/wp-content\/uploads\/2024\/03\/20250223_122444-scaled-1.jpg\" data-elementor-open-lightbox=\"yes\" data-elementor-lightbox-slideshow=\"b4e756d\" data-elementor-lightbox-title=\"20250223_122444\" data-e-action-hash=\"#elementor-action%3Aaction%3Dlightbox%26settings%3DeyJpZCI6ODA5OCwidXJsIjoiaHR0cHM6XC9cL2tpbmRlcm5vdGZhbGx6ZW50cnVtLWJvbm4uZGVcL3dwLWNvbnRlbnRcL3VwbG9hZHNcLzIwMjRcLzAzXC8yMDI1MDIyM18xMjI0NDQtc2NhbGVkLTEuanBnIiwic2xpZGVzaG93IjoiYjRlNzU2ZCJ9\">\n\t\t\t\t\t<div class=\"e-gallery-image elementor-gallery-item__image\" data-thumbnail=\"https:\/\/kindernotfallzentrum-bonn.de\/wp-content\/uploads\/2024\/03\/20250223_122444-scaled-1-300x169.jpg\" data-width=\"300\" data-height=\"169\" aria-label=\"\" role=\"img\" ><\/div>\n\t\t\t\t\t\t\t\t\t\t\t<div class=\"elementor-gallery-item__overlay\"><\/div>\n\t\t\t\t\t\t\t\t\t\t\t\t\t\t\t<div class=\"elementor-gallery-item__content\">\n\t\t\t\t\t\t\t\t\t\t\t\t\t\t<div class=\"elementor-gallery-item__title\">\n\t\t\t\t\t\t\t\t\t\t\t\t\t\t\t\t\t\tErsteinsch\u00e4tzung\t\t\t\t\t\t\t\t<\/div>\n\t\t\t\t\t\t\t\t\t\t\t\t<\/div>\n\t\t\t\t\t\t\t\t\t<\/a>\n\t\t\t\t\t\t\t<a class=\"e-gallery-item elementor-gallery-item elementor-animated-content\" href=\"https:\/\/kindernotfallzentrum-bonn.de\/wp-content\/uploads\/2024\/03\/20250223_122512-scaled-1.jpg\" data-elementor-open-lightbox=\"yes\" data-elementor-lightbox-slideshow=\"b4e756d\" data-elementor-lightbox-title=\"20250223_122512\" data-e-action-hash=\"#elementor-action%3Aaction%3Dlightbox%26settings%3DeyJpZCI6ODEwMiwidXJsIjoiaHR0cHM6XC9cL2tpbmRlcm5vdGZhbGx6ZW50cnVtLWJvbm4uZGVcL3dwLWNvbnRlbnRcL3VwbG9hZHNcLzIwMjRcLzAzXC8yMDI1MDIyM18xMjI1MTItc2NhbGVkLTEuanBnIiwic2xpZGVzaG93IjoiYjRlNzU2ZCJ9\">\n\t\t\t\t\t<div class=\"e-gallery-image elementor-gallery-item__image\" data-thumbnail=\"https:\/\/kindernotfallzentrum-bonn.de\/wp-content\/uploads\/2024\/03\/20250223_122512-scaled-1-300x169.jpg\" data-width=\"300\" data-height=\"169\" aria-label=\"\" role=\"img\" ><\/div>\n\t\t\t\t\t\t\t\t\t\t\t<div class=\"elementor-gallery-item__overlay\"><\/div>\n\t\t\t\t\t\t\t\t\t\t\t\t\t\t\t<div class=\"elementor-gallery-item__content\">\n\t\t\t\t\t\t\t\t\t\t\t\t\t\t<div class=\"elementor-gallery-item__title\">\n\t\t\t\t\t\t\t\t\t\t\t\t\t\t\t\t\t\tBehandlungsraum\t\t\t\t\t\t\t\t<\/div>\n\t\t\t\t\t\t\t\t\t\t\t\t<\/div>\n\t\t\t\t\t\t\t\t\t<\/a>\n\t\t\t\t\t\t\t<a class=\"e-gallery-item elementor-gallery-item elementor-animated-content\" href=\"https:\/\/kindernotfallzentrum-bonn.de\/wp-content\/uploads\/2024\/03\/20250223_122547-scaled-1.jpg\" data-elementor-open-lightbox=\"yes\" data-elementor-lightbox-slideshow=\"b4e756d\" data-elementor-lightbox-title=\"20250223_122547\" data-e-action-hash=\"#elementor-action%3Aaction%3Dlightbox%26settings%3DeyJpZCI6ODEwOCwidXJsIjoiaHR0cHM6XC9cL2tpbmRlcm5vdGZhbGx6ZW50cnVtLWJvbm4uZGVcL3dwLWNvbnRlbnRcL3VwbG9hZHNcLzIwMjRcLzAzXC8yMDI1MDIyM18xMjI1NDctc2NhbGVkLTEuanBnIiwic2xpZGVzaG93IjoiYjRlNzU2ZCJ9\">\n\t\t\t\t\t<div class=\"e-gallery-image elementor-gallery-item__image\" data-thumbnail=\"https:\/\/kindernotfallzentrum-bonn.de\/wp-content\/uploads\/2024\/03\/20250223_122547-scaled-1-300x169.jpg\" data-width=\"300\" data-height=\"169\" aria-label=\"\" role=\"img\" ><\/div>\n\t\t\t\t\t\t\t\t\t\t\t<div class=\"elementor-gallery-item__overlay\"><\/div>\n\t\t\t\t\t\t\t\t\t\t\t\t\t\t\t<div class=\"elementor-gallery-item__content\">\n\t\t\t\t\t\t\t\t\t\t\t\t\t\t<div class=\"elementor-gallery-item__title\">\n\t\t\t\t\t\t\t\t\t\t\t\t\t\t\t\t\t\tHolding\t\t\t\t\t\t\t\t<\/div>\n\t\t\t\t\t\t\t\t\t\t\t\t<\/div>\n\t\t\t\t\t\t\t\t\t<\/a>\n\t\t\t\t\t\t\t<a class=\"e-gallery-item elementor-gallery-item elementor-animated-content\" href=\"https:\/\/kindernotfallzentrum-bonn.de\/wp-content\/uploads\/2024\/03\/20250223_122550-scaled-1.jpg\" data-elementor-open-lightbox=\"yes\" data-elementor-lightbox-slideshow=\"b4e756d\" data-elementor-lightbox-title=\"20250223_122550\" data-e-action-hash=\"#elementor-action%3Aaction%3Dlightbox%26settings%3DeyJpZCI6ODEwOSwidXJsIjoiaHR0cHM6XC9cL2tpbmRlcm5vdGZhbGx6ZW50cnVtLWJvbm4uZGVcL3dwLWNvbnRlbnRcL3VwbG9hZHNcLzIwMjRcLzAzXC8yMDI1MDIyM18xMjI1NTAtc2NhbGVkLTEuanBnIiwic2xpZGVzaG93IjoiYjRlNzU2ZCJ9\">\n\t\t\t\t\t<div class=\"e-gallery-image elementor-gallery-item__image\" data-thumbnail=\"https:\/\/kindernotfallzentrum-bonn.de\/wp-content\/uploads\/2024\/03\/20250223_122550-scaled-1-169x300.jpg\" data-width=\"169\" data-height=\"300\" aria-label=\"\" role=\"img\" ><\/div>\n\t\t\t\t\t\t\t\t\t\t\t<div class=\"elementor-gallery-item__overlay\"><\/div>\n\t\t\t\t\t\t\t\t\t\t\t\t\t\t\t<div class=\"elementor-gallery-item__content\">\n\t\t\t\t\t\t\t\t\t\t\t\t\t\t<div class=\"elementor-gallery-item__title\">\n\t\t\t\t\t\t\t\t\t\t\t\t\t\t\t\t\t\tHolding\t\t\t\t\t\t\t\t<\/div>\n\t\t\t\t\t\t\t\t\t\t\t\t<\/div>\n\t\t\t\t\t\t\t\t\t<\/a>\n\t\t\t\t\t\t\t<a class=\"e-gallery-item elementor-gallery-item elementor-animated-content\" href=\"https:\/\/kindernotfallzentrum-bonn.de\/wp-content\/uploads\/2024\/03\/20250223_122559-scaled-1.jpg\" data-elementor-open-lightbox=\"yes\" data-elementor-lightbox-slideshow=\"b4e756d\" data-elementor-lightbox-title=\"20250223_122559\" data-e-action-hash=\"#elementor-action%3Aaction%3Dlightbox%26settings%3DeyJpZCI6ODExMCwidXJsIjoiaHR0cHM6XC9cL2tpbmRlcm5vdGZhbGx6ZW50cnVtLWJvbm4uZGVcL3dwLWNvbnRlbnRcL3VwbG9hZHNcLzIwMjRcLzAzXC8yMDI1MDIyM18xMjI1NTktc2NhbGVkLTEuanBnIiwic2xpZGVzaG93IjoiYjRlNzU2ZCJ9\">\n\t\t\t\t\t<div class=\"e-gallery-image elementor-gallery-item__image\" data-thumbnail=\"https:\/\/kindernotfallzentrum-bonn.de\/wp-content\/uploads\/2024\/03\/20250223_122559-scaled-1-300x169.jpg\" data-width=\"300\" data-height=\"169\" aria-label=\"\" role=\"img\" ><\/div>\n\t\t\t\t\t\t\t\t\t\t\t<div class=\"elementor-gallery-item__overlay\"><\/div>\n\t\t\t\t\t\t\t\t\t\t\t\t\t\t\t<div class=\"elementor-gallery-item__content\">\n\t\t\t\t\t\t\t\t\t\t\t\t\t\t<div class=\"elementor-gallery-item__title\">\n\t\t\t\t\t\t\t\t\t\t\t\t\t\t\t\t\t\tIsolationszimmer\t\t\t\t\t\t\t\t<\/div>\n\t\t\t\t\t\t\t\t\t\t\t\t<\/div>\n\t\t\t\t\t\t\t\t\t<\/a>\n\t\t\t\t\t\t\t<a class=\"e-gallery-item elementor-gallery-item elementor-animated-content\" href=\"https:\/\/kindernotfallzentrum-bonn.de\/wp-content\/uploads\/2024\/03\/20250223_123424-scaled-1.jpg\" data-elementor-open-lightbox=\"yes\" data-elementor-lightbox-slideshow=\"b4e756d\" data-elementor-lightbox-title=\"20250223_123424\" data-e-action-hash=\"#elementor-action%3Aaction%3Dlightbox%26settings%3DeyJpZCI6ODEzNCwidXJsIjoiaHR0cHM6XC9cL2tpbmRlcm5vdGZhbGx6ZW50cnVtLWJvbm4uZGVcL3dwLWNvbnRlbnRcL3VwbG9hZHNcLzIwMjRcLzAzXC8yMDI1MDIyM18xMjM0MjQtc2NhbGVkLTEuanBnIiwic2xpZGVzaG93IjoiYjRlNzU2ZCJ9\">\n\t\t\t\t\t<div class=\"e-gallery-image elementor-gallery-item__image\" data-thumbnail=\"https:\/\/kindernotfallzentrum-bonn.de\/wp-content\/uploads\/2024\/03\/20250223_123424-scaled-1-300x169.jpg\" data-width=\"300\" data-height=\"169\" aria-label=\"\" role=\"img\" ><\/div>\n\t\t\t\t\t\t\t\t\t\t\t<div class=\"elementor-gallery-item__overlay\"><\/div>\n\t\t\t\t\t\t\t\t\t\t\t\t\t\t\t<div class=\"elementor-gallery-item__content\">\n\t\t\t\t\t\t\t\t\t\t\t\t\t\t<div class=\"elementor-gallery-item__title\">\n\t\t\t\t\t\t\t\t\t\t\t\t\t\t\t\t\t\tFlur\t\t\t\t\t\t\t\t<\/div>\n\t\t\t\t\t\t\t\t\t\t\t\t<\/div>\n\t\t\t\t\t\t\t\t\t<\/a>\n\t\t\t\t\t<\/div>\n\t\t\t\t\t<\/div>\n\t\t\t\t<\/div>\n\t\t\t\t\t<\/div>\n\t\t<\/div>\n\t\t\t\t\t<\/div>\n\t\t<\/section>\n\t\t\t\t<section class=\"elementor-section elementor-top-section elementor-element elementor-element-1f82a9e pbmit-col-stretched-none pbmit-bg-color-over-image elementor-section-boxed elementor-section-height-default elementor-section-height-default\" data-id=\"1f82a9e\" data-element_type=\"section\" data-e-type=\"section\">\n\t\t\t\t\t\t<div class=\"elementor-container elementor-column-gap-default\">\n\t\t\t\t\t<div class=\"elementor-column elementor-col-100 elementor-top-column elementor-element elementor-element-eee88fd pbmit-bg-color-over-image\" data-id=\"eee88fd\" data-element_type=\"column\" data-e-type=\"column\">\n\t\t\t<div class=\"elementor-widget-wrap elementor-element-populated\">\n\t\t\t\t\t\t<div class=\"elementor-element elementor-element-34b5373 elementor-widget elementor-widget-heading\" data-id=\"34b5373\" data-element_type=\"widget\" data-e-type=\"widget\" data-widget_type=\"heading.default\">\n\t\t\t\t<div class=\"elementor-widget-container\">\n\t\t\t\t\t<h4 class=\"elementor-heading-title elementor-size-default\">Schwerpunkte<\/h4>\t\t\t\t<\/div>\n\t\t\t\t<\/div>\n\t\t\t\t<div class=\"elementor-element elementor-element-1e001d5 elementor-widget elementor-widget-text-editor\" data-id=\"1e001d5\" data-element_type=\"widget\" data-e-type=\"widget\" data-widget_type=\"text-editor.default\">\n\t\t\t\t<div class=\"elementor-widget-container\">\n\t\t\t\t\t\t\t\t\t<div><h4><span style=\"color: #000000; font-family: Rubik, sans-serif; font-size: 16px; font-weight: 400; letter-spacing: 0px;\">F\u00fcr die Versorgung von <strong><span style=\"color: #ff0000;\">nicht akuten Beschwerden<\/span><\/strong>, geplanten<span style=\"color: #000000;\">\u00a0Untersuchungen oder Verlaufskontrollen wenden Sie sich bitte an die <a title=\"Zentrum f\u00fcr Kinder- und Jugendmedizin\" href=\"https:\/\/www.ukbonn.de\/kinderklinik\/zentrum-fuer-kinder-und-jugendmedizin\/\" target=\"_blank\" rel=\"noopener\"><strong data-start=\"332\" data-end=\"376\">Ambulanzen der Kinder- und Jugendmedizin<\/strong><\/a> des Universit\u00e4tsklinikums Bonn.<\/span><\/span><\/h4><h4><span style=\"color: #000000; font-family: Rubik, sans-serif; font-size: 16px; font-weight: 400; letter-spacing: 0px;\"><strong><span style=\"color: #ff0000;\">Bei akuten Notf\u00e4llen<\/span><\/strong> arbeiten wir mit den folgenden Fachabteilungen <\/span><span style=\"color: #000000; font-family: Rubik, sans-serif; font-size: 16px; letter-spacing: 0px;\">zusammen:<\/span><\/h4><\/div><div><div><ul><li><a href=\"https:\/\/www.ukbonn.de\/kinderklinik\/\" target=\"_blank\" rel=\"noopener\"><span style=\"color: #000000;\">Allgemeine P\u00e4diatrie<\/span><\/a><ul><li><span style=\"color: #333399;\"><a style=\"color: #333399;\" href=\"https:\/\/www.ukbonn.de\/kinderklinik\/zentrum-fuer-kinder-und-jugendmedizin\/abteilungen-und-schwerpunkte\/gastroenterologie-und-hepatologie\/\" target=\"_blank\" rel=\"noopener\">Kindergastroenterologie und Kinderhepatologie<\/a><\/span><\/li><li><span style=\"color: #333399;\"><a style=\"color: #333399;\" href=\"https:\/\/www.ukbonn.de\/kinderklinik\/zentrum-fuer-kinder-und-jugendmedizin\/abteilungen-und-schwerpunkte\/paediatrische-nephrologie-und-nierentransplantation\/\" target=\"_blank\" rel=\"noopener\">P\u00e4diatrische Nephrologie und Nierentransplantation<\/a><\/span><\/li><li><span style=\"color: #333399;\"><a style=\"color: #333399;\" href=\"https:\/\/www.ukbonn.de\/kinderklinik\/zentrum-fuer-kinder-und-jugendmedizin\/abteilungen-und-schwerpunkte\/paediatrische-rheumatologie-und-immunologie\/\" target=\"_blank\" rel=\"noopener\">P\u00e4diatrische Immunologie und Rheumatologie<\/a><\/span><\/li><li><span style=\"color: #333399;\"><a style=\"color: #333399;\" href=\"https:\/\/www.ukbonn.de\/kinderklinik\/zentrum-fuer-kinder-und-jugendmedizin\/abteilungen-und-schwerpunkte\/kinder-endokrinologie-diabetologie-adipositas-stoffwechsel\/\" target=\"_blank\" rel=\"noopener\">Kinder-Endokrinologie, -Diabetologie, -Adipositas, Stoffwechsel<\/a><\/span><\/li><\/ul><\/li><li><span style=\"color: #333399;\">Kinderneurologie<\/span><\/li><li><span style=\"color: #333399;\">Kinderonkologie und -h\u00e4matologie<\/span><\/li><li><span style=\"color: #333399;\">Kinderkardiologie und Kinderherzchirurgie<\/span><\/li><li><span style=\"color: #333399;\">Neonatologie und p\u00e4diatrische Intensivmedizin<\/span><\/li><\/ul><p><span style=\"color: #000000;\"><strong>Eine interdisziplin\u00e4re Zusammenarbeit erfolgt mit folgenden Kliniken:<\/strong><\/span><\/p><ul><li><span style=\"color: #000000;\">Kinderchirurgie und Kinderurologie<\/span><\/li><li><span style=\"color: #000000;\">Kinderneurochirurgie<\/span><\/li><li><span style=\"color: #000000;\">Hals-, Nasen- und Ohrenheilkunde<\/span><\/li><li><span style=\"color: #000000;\">Mund-Kiefer-Gesichtschirurgie<\/span><\/li><li><span style=\"color: #000000;\">Augenheilkunde<\/span><\/li><li><span style=\"color: #000000;\">Dermatologie<\/span><\/li><li><span style=\"color: #000000;\">Kinderan\u00e4sthesiologie<\/span><\/li><li><span style=\"color: #000000;\">Kinderradiologie<\/span><\/li><\/ul><\/div><\/div>\t\t\t\t\t\t\t\t<\/div>\n\t\t\t\t<\/div>\n\t\t\t\t\t<\/div>\n\t\t<\/div>\n\t\t\t\t\t<\/div>\n\t\t<\/section>\n\t\t\t\t<\/div>\n\t\t","protected":false},"excerpt":{"rendered":"<p>Unser Engagement f\u00fcr Kinder in Notfall-Situationen Professionelle Hilfe f\u00fcr die Kleinsten Das Kindernotfallzentrum des Universit\u00e4tsklinikums Bonn ist die zentrale Anlaufstelle f\u00fcr Notf\u00e4lle bei Kindern und Jugendlichen bis 18 Jahre. Es bietet umfassende Notfallversorgung auf h\u00f6chstem Niveau, unterst\u00fctzt durch ein engagiertes Team von Fach\u00e4rzten und modernster Technik. Fach\u00e4rzte f\u00fcr Kinderheilkunde Engagierte Pflegekr\u00e4fte Umfassende Notfallversorgung Notfalltrainingszentrum Eingang-KNZ [&hellip;]<\/p>\n","protected":false},"author":1,"featured_media":0,"parent":0,"menu_order":0,"comment_status":"closed","ping_status":"closed","template":"","meta":{"_acf_changed":false,"inline_featured_image":false,"_monsterinsights_skip_tracking":false,"_monsterinsights_sitenote_active":false,"_monsterinsights_sitenote_note":"","_monsterinsights_sitenote_category":0,"footnotes":""},"class_list":["post-8779","page","type-page","status-publish","hentry"],"acf":[],"aioseo_notices":[],"_links":{"self":[{"href":"https:\/\/kindernotfallzentrum-bonn.de\/index.php?rest_route=\/wp\/v2\/pages\/8779","targetHints":{"allow":["GET"]}}],"collection":[{"href":"https:\/\/kindernotfallzentrum-bonn.de\/index.php?rest_route=\/wp\/v2\/pages"}],"about":[{"href":"https:\/\/kindernotfallzentrum-bonn.de\/index.php?rest_route=\/wp\/v2\/types\/page"}],"author":[{"embeddable":true,"href":"https:\/\/kindernotfallzentrum-bonn.de\/index.php?rest_route=\/wp\/v2\/users\/1"}],"replies":[{"embeddable":true,"href":"https:\/\/kindernotfallzentrum-bonn.de\/index.php?rest_route=%2Fwp%2Fv2%2Fcomments&post=8779"}],"version-history":[{"count":22,"href":"https:\/\/kindernotfallzentrum-bonn.de\/index.php?rest_route=\/wp\/v2\/pages\/8779\/revisions"}],"predecessor-version":[{"id":10301,"href":"https:\/\/kindernotfallzentrum-bonn.de\/index.php?rest_route=\/wp\/v2\/pages\/8779\/revisions\/10301"}],"wp:attachment":[{"href":"https:\/\/kindernotfallzentrum-bonn.de\/index.php?rest_route=%2Fwp%2Fv2%2Fmedia&parent=8779"}],"curies":[{"name":"wp","href":"https:\/\/api.w.org\/{rel}","templated":true}]}}